{"id":446,"date":"2017-02-07T13:33:21","date_gmt":"2017-02-07T13:33:21","guid":{"rendered":"http:\/\/legrand.themerex.net\/?page_id=446"},"modified":"2020-06-22T08:38:36","modified_gmt":"2020-06-22T08:38:36","slug":"sigorta-urunlerimiz","status":"publish","type":"page","link":"https:\/\/beltema.com.tr\/index.php\/sigorta-urunlerimiz\/","title":{"rendered":"Sigorta \u00dcr\u00fcnlerimiz"},"content":{"rendered":"<p>[vc_row][vc_column][vc_column_text]<\/p>\n<h1 style=\"text-align: center;\"><\/h1>\n<h1 style=\"text-align: center;\">S\u0130GORTA \u00dcR\u00dcNLER\u0130M\u0130Z<\/h1>\n<p>[\/vc_column_text][vc_empty_space height=&#8221;3em&#8221; alter_height=&#8221;none&#8221; hide_on_desktop=&#8221;&#8221; hide_on_notebook=&#8221;&#8221; hide_on_tablet=&#8221;1&#8243; hide_on_mobile=&#8221;&#8221;][vc_empty_space height=&#8221;3.5em&#8221; alter_height=&#8221;none&#8221; hide_on_desktop=&#8221;&#8221; hide_on_notebook=&#8221;&#8221; hide_on_tablet=&#8221;&#8221; hide_on_mobile=&#8221;1&#8243;][vc_empty_space height=&#8221;2em&#8221; alter_height=&#8221;none&#8221; hide_on_desktop=&#8221;&#8221; hide_on_notebook=&#8221;&#8221; hide_on_tablet=&#8221;&#8221; hide_on_mobile=&#8221;&#8221;]<div id=\"sc_services_415945497\" class=\"sc_services color_style_default sc_services_default sc_services_featured_top\"><div class=\"sc_services_columns_wrap sc_item_columns sc_item_columns_3 trx_addons_columns_wrap columns_padding_bottom\"><div class=\"trx_addons_column-1_3\"><div class=\"sc_services_item with_content with_image sc_services_item_featured_top\">\n\t<div class=\"post_featured with_thumb hover_dots sc_services_item_thumb\"><img loading=\"lazy\" decoding=\"async\" width=\"370\" height=\"208\" src=\"https:\/\/beltema.com.tr\/wp-content\/uploads\/2017\/02\/kaza-sigortalar-370x208.jpg\" class=\"attachment-legrand-thumb-med size-legrand-thumb-med wp-post-image\" alt=\"\" srcset=\"https:\/\/beltema.com.tr\/wp-content\/uploads\/2017\/02\/kaza-sigortalar-370x208.jpg 370w, https:\/\/beltema.com.tr\/wp-content\/uploads\/2017\/02\/kaza-sigortalar-270x152.jpg 270w\" sizes=\"auto, (max-width: 370px) 100vw, 370px\" \/><div class=\"mask\"><\/div><a href=\"https:\/\/beltema.com.tr\/index.php\/services\/kazasigortalari\/\" aria-hidden=\"true\" class=\"icons\"><span><\/span><span><\/span><span><\/span><\/a><\/div>\t\n\t<div class=\"sc_services_item_info\">\n\t\t<div class=\"sc_services_item_header\">\n\t\t\t<h4 class=\"sc_services_item_title\"><a href=\"https:\/\/beltema.com.tr\/index.php\/services\/kazasigortalari\/\">Kaza Sigortalar\u0131<\/a><\/h4>\n              \n\t\t<\/div>\n\t\t\t\t\t<div class=\"sc_services_item_content\"><p>Kaza geliyorum demez, zorunlu trafik sigortas\u0131 ve kasko sigortas\u0131 ile g\u00fcvenceniz olsun.<\/p>\n<\/div>\n\t\t\t<\/div>\n<\/div>\n<\/div><div class=\"trx_addons_column-1_3\"><div class=\"sc_services_item with_content with_image sc_services_item_featured_top\">\n\t<div class=\"post_featured with_thumb hover_dots sc_services_item_thumb\"><img loading=\"lazy\" decoding=\"async\" width=\"370\" height=\"208\" src=\"https:\/\/beltema.com.tr\/wp-content\/uploads\/2020\/06\/dask-370x208.jpg\" class=\"attachment-legrand-thumb-med size-legrand-thumb-med wp-post-image\" alt=\"\" srcset=\"https:\/\/beltema.com.tr\/wp-content\/uploads\/2020\/06\/dask-370x208.jpg 370w, https:\/\/beltema.com.tr\/wp-content\/uploads\/2020\/06\/dask-1170x658.jpg 1170w, https:\/\/beltema.com.tr\/wp-content\/uploads\/2020\/06\/dask-760x428.jpg 760w, https:\/\/beltema.com.tr\/wp-content\/uploads\/2020\/06\/dask-270x152.jpg 270w\" sizes=\"auto, (max-width: 370px) 100vw, 370px\" \/><div class=\"mask\"><\/div><a href=\"https:\/\/beltema.com.tr\/index.php\/services\/dogalafetsigortalari\/\" aria-hidden=\"true\" class=\"icons\"><span><\/span><span><\/span><span><\/span><\/a><\/div>\t\n\t<div class=\"sc_services_item_info\">\n\t\t<div class=\"sc_services_item_header\">\n\t\t\t<h4 class=\"sc_services_item_title\"><a href=\"https:\/\/beltema.com.tr\/index.php\/services\/dogalafetsigortalari\/\">DASK<\/a><\/h4>\n              \n\t\t<\/div>\n\t\t\t\t\t<div class=\"sc_services_item_content\"><p>Yang\u0131n Sigorta Poli\u00e7esi ile yang\u0131n, y\u0131ld\u0131r\u0131m ve infil\u00e2k gibi tehlikeler de iste\u011fe ba\u011fl\u0131 olarak poli\u00e7ede yer alan limitler ve ko\u015fullar dahilinde teminat alt\u0131na al\u0131n\u0131r.<\/p>\n<\/div>\n\t\t\t<\/div>\n<\/div>\n<\/div><div class=\"trx_addons_column-1_3\"><div class=\"sc_services_item with_content with_image sc_services_item_featured_top\">\n\t<div class=\"post_featured with_thumb hover_dots sc_services_item_thumb\"><img loading=\"lazy\" decoding=\"async\" width=\"370\" height=\"208\" src=\"https:\/\/beltema.com.tr\/wp-content\/uploads\/2017\/02\/muhendislik-sigortalari-370x208.jpg\" class=\"attachment-legrand-thumb-med size-legrand-thumb-med wp-post-image\" alt=\"\" srcset=\"https:\/\/beltema.com.tr\/wp-content\/uploads\/2017\/02\/muhendislik-sigortalari-370x208.jpg 370w, https:\/\/beltema.com.tr\/wp-content\/uploads\/2017\/02\/muhendislik-sigortalari-270x152.jpg 270w\" sizes=\"auto, (max-width: 370px) 100vw, 370px\" \/><div class=\"mask\"><\/div><a href=\"https:\/\/beltema.com.tr\/index.php\/services\/investment-analysis\/\" aria-hidden=\"true\" class=\"icons\"><span><\/span><span><\/span><span><\/span><\/a><\/div>\t\n\t<div class=\"sc_services_item_info\">\n\t\t<div class=\"sc_services_item_header\">\n\t\t\t<h4 class=\"sc_services_item_title\"><a href=\"https:\/\/beltema.com.tr\/index.php\/services\/investment-analysis\/\">M\u00fchendislik Sigortalar\u0131<\/a><\/h4>\n              \n\t\t<\/div>\n\t\t\t\t\t<div class=\"sc_services_item_content\"><p>\u0130n\u015faat ve montaj risk sigortas\u0131 ve makina k\u0131r\u0131lmas\u0131 sigortas\u0131 ile i\u015finizi b\u00fcy\u00fck boyutlu zararlara kar\u015f\u0131 koruma alt\u0131na alabilirsiniz.<\/p>\n<\/div>\n\t\t\t<\/div>\n<\/div>\n<\/div><div class=\"trx_addons_column-1_3\"><div class=\"sc_services_item with_content with_image sc_services_item_featured_top\">\n\t<div class=\"post_featured with_thumb hover_dots sc_services_item_thumb\"><img loading=\"lazy\" decoding=\"async\" width=\"370\" height=\"208\" src=\"https:\/\/beltema.com.tr\/wp-content\/uploads\/2020\/06\/fire-insurance-policy-370x208.jpg\" class=\"attachment-legrand-thumb-med size-legrand-thumb-med wp-post-image\" alt=\"\" srcset=\"https:\/\/beltema.com.tr\/wp-content\/uploads\/2020\/06\/fire-insurance-policy-370x208.jpg 370w, https:\/\/beltema.com.tr\/wp-content\/uploads\/2020\/06\/fire-insurance-policy-1170x658.jpg 1170w, https:\/\/beltema.com.tr\/wp-content\/uploads\/2020\/06\/fire-insurance-policy-760x428.jpg 760w, https:\/\/beltema.com.tr\/wp-content\/uploads\/2020\/06\/fire-insurance-policy-270x152.jpg 270w\" sizes=\"auto, (max-width: 370px) 100vw, 370px\" \/><div class=\"mask\"><\/div><a href=\"https:\/\/beltema.com.tr\/index.php\/services\/yanginsigortalari\/\" aria-hidden=\"true\" class=\"icons\"><span><\/span><span><\/span><span><\/span><\/a><\/div>\t\n\t<div class=\"sc_services_item_info\">\n\t\t<div class=\"sc_services_item_header\">\n\t\t\t<h4 class=\"sc_services_item_title\"><a href=\"https:\/\/beltema.com.tr\/index.php\/services\/yanginsigortalari\/\">Yang\u0131n Sigortalar\u0131<\/a><\/h4>\n              \n\t\t<\/div>\n\t\t\t\t\t<div class=\"sc_services_item_content\"><p>Yang\u0131n Sigorta Poli\u00e7esi ile yang\u0131n, y\u0131ld\u0131r\u0131m ve infil\u00e2k gibi tehlikeler de iste\u011fe ba\u011fl\u0131 olarak poli\u00e7ede yer alan limitler ve ko\u015fullar dahilinde teminat alt\u0131na al\u0131n\u0131r.<\/p>\n<\/div>\n\t\t\t<\/div>\n<\/div>\n<\/div><div class=\"trx_addons_column-1_3\"><div class=\"sc_services_item with_content with_image sc_services_item_featured_top\">\n\t<div class=\"post_featured with_thumb hover_dots sc_services_item_thumb\"><img loading=\"lazy\" decoding=\"async\" width=\"370\" height=\"208\" src=\"https:\/\/beltema.com.tr\/wp-content\/uploads\/2020\/07\/tms-370x208.jpg\" class=\"attachment-legrand-thumb-med size-legrand-thumb-med wp-post-image\" alt=\"\" srcset=\"https:\/\/beltema.com.tr\/wp-content\/uploads\/2020\/07\/tms-370x208.jpg 370w, https:\/\/beltema.com.tr\/wp-content\/uploads\/2020\/07\/tms-1170x658.jpg 1170w, https:\/\/beltema.com.tr\/wp-content\/uploads\/2020\/07\/tms-760x428.jpg 760w, https:\/\/beltema.com.tr\/wp-content\/uploads\/2020\/07\/tms-270x152.jpg 270w\" sizes=\"auto, (max-width: 370px) 100vw, 370px\" \/><div class=\"mask\"><\/div><a href=\"https:\/\/beltema.com.tr\/index.php\/services\/tamamlayici-saglik-sigortasi\/\" aria-hidden=\"true\" class=\"icons\"><span><\/span><span><\/span><span><\/span><\/a><\/div>\t\n\t<div class=\"sc_services_item_info\">\n\t\t<div class=\"sc_services_item_header\">\n\t\t\t<h4 class=\"sc_services_item_title\"><a href=\"https:\/\/beltema.com.tr\/index.php\/services\/tamamlayici-saglik-sigortasi\/\">Tamamlay\u0131c\u0131 Sa\u011fl\u0131k Sigortas\u0131<\/a><\/h4>\n              \n\t\t<\/div>\n\t\t\t\t\t<div class=\"sc_services_item_content\"><p>Grup Tamamlay\u0131c\u0131 Sa\u011fl\u0131k Poli\u00e7esi  ile \u00d6zel Hastanelerde sa\u011fl\u0131k hizmeti konusunda size ve ailenize destek olmak ama\u00e7lanmaktad\u0131r. <\/p>\n<\/div>\n\t\t\t<\/div>\n<\/div>\n<\/div><div class=\"trx_addons_column-1_3\"><div class=\"sc_services_item with_content with_image sc_services_item_featured_top\">\n\t<div class=\"post_featured with_thumb hover_dots sc_services_item_thumb\"><img loading=\"lazy\" decoding=\"async\" width=\"370\" height=\"208\" src=\"https:\/\/beltema.com.tr\/wp-content\/uploads\/2017\/02\/saglik-sigortalari-370x208.jpg\" class=\"attachment-legrand-thumb-med size-legrand-thumb-med wp-post-image\" alt=\"\" srcset=\"https:\/\/beltema.com.tr\/wp-content\/uploads\/2017\/02\/saglik-sigortalari-370x208.jpg 370w, https:\/\/beltema.com.tr\/wp-content\/uploads\/2017\/02\/saglik-sigortalari-270x152.jpg 270w\" sizes=\"auto, (max-width: 370px) 100vw, 370px\" \/><div class=\"mask\"><\/div><a href=\"https:\/\/beltema.com.tr\/index.php\/services\/sagliksigortalari\/\" aria-hidden=\"true\" class=\"icons\"><span><\/span><span><\/span><span><\/span><\/a><\/div>\t\n\t<div class=\"sc_services_item_info\">\n\t\t<div class=\"sc_services_item_header\">\n\t\t\t<h4 class=\"sc_services_item_title\"><a href=\"https:\/\/beltema.com.tr\/index.php\/services\/sagliksigortalari\/\">Sa\u011fl\u0131k Sigortalar\u0131<\/a><\/h4>\n              \n\t\t<\/div>\n\t\t\t\t\t<div class=\"sc_services_item_content\"><p>Sa\u011fl\u0131k sigortas\u0131, t\u0131bbi yard\u0131m, tedavi ve ila\u00e7 harcamalar\u0131na kar\u015f\u0131 teminat veren bir sigortad\u0131r.<\/p>\n<\/div>\n\t\t\t<\/div>\n<\/div>\n<\/div><\/div><\/div><!-- \/.sc_services -->[vc_empty_space height=&#8221;3em&#8221; alter_height=&#8221;none&#8221; hide_on_desktop=&#8221;&#8221; hide_on_notebook=&#8221;&#8221; hide_on_tablet=&#8221;&#8221; hide_on_mobile=&#8221;&#8221;][vc_empty_space height=&#8221;2em&#8221; alter_height=&#8221;none&#8221; hide_on_desktop=&#8221;&#8221; hide_on_notebook=&#8221;&#8221; hide_on_tablet=&#8221;1&#8243; hide_on_mobile=&#8221;&#8221;][vc_empty_space height=&#8221;2em&#8221; alter_height=&#8221;none&#8221; hide_on_desktop=&#8221;&#8221; hide_on_notebook=&#8221;&#8221; hide_on_tablet=&#8221;&#8221; hide_on_mobile=&#8221;1&#8243;][\/vc_column][\/vc_row][vc_row full_width=&#8221;stretch_row&#8221; equal_height=&#8221;yes&#8221; content_placement=&#8221;middle&#8221; scheme=&#8221;dark&#8221; hide_bg_image_on_tablet=&#8221;&#8221; hide_bg_image_on_mobile=&#8221;&#8221; row_delimiter=&#8221;&#8221; hide_on_desktop=&#8221;&#8221; hide_on_notebook=&#8221;&#8221; hide_on_tablet=&#8221;&#8221; hide_on_mobile=&#8221;&#8221; hide_on_frontpage=&#8221;&#8221; css=&#8221;.vc_custom_1592815148589{background: #be1724 url(https:\/\/beltema.com.tr\/wp-content\/uploads\/2020\/04\/uzunb.jpg?id=2411) !important;background-position: center !important;background-repeat: no-repeat !important;background-size: cover !important;}&#8221;][vc_column width=&#8221;2\/3&#8243; icons_position=&#8221;left&#8221;][vc_empty_space height=&#8221;3em&#8221; alter_height=&#8221;none&#8221; hide_on_desktop=&#8221;&#8221; hide_on_notebook=&#8221;&#8221; hide_on_tablet=&#8221;&#8221; hide_on_mobile=&#8221;&#8221;]<div id=\"sc_title_100730046\"\n\t\tclass=\"sc_title color_style_default sc_title_accent\"><h3 class=\"sc_item_title sc_title_title sc_align_left sc_item_title_style_accent sc_item_title_tag\">Bize Ula\u015fmak \u00c7ok Kolay<\/h3><div class=\"sc_item_descr sc_title_descr sc_align_left\"><p>Hayat\u0131n\u0131z\u0131 kolayla\u015ft\u0131racak sigorta \u00fcr\u00fcnlerimiz hakk\u0131nda bilgi sahibi olman\u0131z i\u00e7in sizi arayal\u0131m<\/p>\n<\/div><\/div><!-- \/.sc_title -->[vc_empty_space height=&#8221;1.5em&#8221; alter_height=&#8221;none&#8221; hide_on_desktop=&#8221;&#8221; hide_on_notebook=&#8221;&#8221; hide_on_tablet=&#8221;&#8221; hide_on_mobile=&#8221;&#8221;][vc_empty_space height=&#8221;1.5em&#8221; alter_height=&#8221;none&#8221; hide_on_desktop=&#8221;&#8221; hide_on_notebook=&#8221;&#8221; hide_on_tablet=&#8221;&#8221; hide_on_mobile=&#8221;1&#8243;][\/vc_column][vc_column width=&#8221;1\/3&#8243; icons_position=&#8221;left&#8221; el_class=&#8221;btn_left&#8221;][vc_empty_space height=&#8221;0.5em&#8221; alter_height=&#8221;none&#8221; hide_on_desktop=&#8221;&#8221; hide_on_notebook=&#8221;&#8221; hide_on_tablet=&#8221;&#8221; hide_on_mobile=&#8221;&#8221;]<div class=\"sc_item_button sc_button_wrap sc_align_right\"><a href=\"http:\/\/beltema.com.tr\/index.php\/iletisim\/\" id=\"sc_button_2138458466\" class=\"sc_button color_style_dark sc_button_bordered sc_button_size_normal sc_button_with_icon sc_button_icon_left\"><span class=\"sc_button_icon\"><span class=\"icon-mail-light\"><\/span><\/span><span class=\"sc_button_text\"><span class=\"sc_button_title\">Bize Ula\u015f\u0131n<\/span><\/span><!-- \/.sc_button_text --><\/a><!-- \/.sc_button --><\/div><!-- \/.sc_item_button -->[vc_empty_space height=&#8221;3em&#8221; alter_height=&#8221;none&#8221; hide_on_desktop=&#8221;1&#8243; hide_on_notebook=&#8221;1&#8243; hide_on_tablet=&#8221;1&#8243; hide_on_mobile=&#8221;&#8221;][\/vc_column][\/vc_row]<\/p>\n","protected":false},"excerpt":{"rendered":"<p>[vc_row][vc_column][vc_column_text] S\u0130GORTA \u00dcR\u00dcNLER\u0130M\u0130Z [\/vc_column_text][vc_empty_space height=&#8221;3em&#8221; alter_height=&#8221;none&#8221; hide_on_desktop=&#8221;&#8221; hide_on_notebook=&#8221;&#8221; hide_on_tablet=&#8221;1&#8243; hide_on_mobile=&#8221;&#8221;][vc_empty_space height=&#8221;3.5em&#8221; alter_height=&#8221;none&#8221; hide_on_desktop=&#8221;&#8221; hide_on_notebook=&#8221;&#8221; hide_on_tablet=&#8221;&#8221; hide_on_mobile=&#8221;1&#8243;][vc_empty_space height=&#8221;2em&#8221; alter_height=&#8221;none&#8221; hide_on_desktop=&#8221;&#8221; hide_on_notebook=&#8221;&#8221; hide_on_tablet=&#8221;&#8221; hide_on_mobile=&#8221;&#8221;][vc_empty_space height=&#8221;3em&#8221; alter_height=&#8221;none&#8221; hide_on_desktop=&#8221;&#8221; hide_on_notebook=&#8221;&#8221; hide_on_tablet=&#8221;&#8221; hide_on_mobile=&#8221;&#8221;][vc_empty_space height=&#8221;2em&#8221; alter_height=&#8221;none&#8221;&hellip;<\/p>\n","protected":false},"author":1,"featured_media":0,"parent":0,"menu_order":24,"comment_status":"closed","ping_status":"closed","template":"","meta":{"footnotes":""},"class_list":["post-446","page","type-page","status-publish","hentry"],"_links":{"self":[{"href":"https:\/\/beltema.com.tr\/index.php\/wp-json\/wp\/v2\/pages\/446","targetHints":{"allow":["GET"]}}],"collection":[{"href":"https:\/\/beltema.com.tr\/index.php\/wp-json\/wp\/v2\/pages"}],"about":[{"href":"https:\/\/beltema.com.tr\/index.php\/wp-json\/wp\/v2\/types\/page"}],"author":[{"embeddable":true,"href":"https:\/\/beltema.com.tr\/index.php\/wp-json\/wp\/v2\/users\/1"}],"replies":[{"embeddable":true,"href":"https:\/\/beltema.com.tr\/index.php\/wp-json\/wp\/v2\/comments?post=446"}],"version-history":[{"count":11,"href":"https:\/\/beltema.com.tr\/index.php\/wp-json\/wp\/v2\/pages\/446\/revisions"}],"predecessor-version":[{"id":2531,"href":"https:\/\/beltema.com.tr\/index.php\/wp-json\/wp\/v2\/pages\/446\/revisions\/2531"}],"wp:attachment":[{"href":"https:\/\/beltema.com.tr\/index.php\/wp-json\/wp\/v2\/media?parent=446"}],"curies":[{"name":"wp","href":"https:\/\/api.w.org\/{rel}","templated":true}]}}