{"id":442,"date":"2017-02-07T13:32:42","date_gmt":"2017-02-07T13:32:42","guid":{"rendered":"http:\/\/legrand.themerex.net\/?page_id=442"},"modified":"2020-06-22T08:29:25","modified_gmt":"2020-06-22T08:29:25","slug":"about-us-style-2","status":"publish","type":"page","link":"https:\/\/beltema.com.tr\/index.php\/about-us-style-2\/","title":{"rendered":"M\u00fchendislik Sigortalar\u0131"},"content":{"rendered":"<p>[vc_row full_width=&#8221;stretch_row_content_no_spaces&#8221;][vc_column hide_bg_image_on_tablet=&#8221;&#8221; hide_bg_image_on_mobile=&#8221;&#8221; icons_position=&#8221;left&#8221;][vc_row_inner][vc_column_inner][vc_empty_space height=&#8221;60px&#8221; hide_on_desktop=&#8221;&#8221; hide_on_notebook=&#8221;&#8221; hide_on_tablet=&#8221;&#8221; hide_on_mobile=&#8221;&#8221;][\/vc_column_inner][\/vc_row_inner][vc_empty_space height=&#8221;60px&#8221; hide_on_desktop=&#8221;&#8221; hide_on_notebook=&#8221;&#8221; hide_on_tablet=&#8221;&#8221; hide_on_mobile=&#8221;&#8221;]<div  id=\"sc_promo_670184045\" \n\tclass=\"sc_promo color_style_default scheme_dark sc_promo_default sc_promo_size_large sc_promo_image_position_right\"><div class=\"sc_promo_image\" style=\"background-image:url(https:\/\/beltema.com.tr\/wp-content\/uploads\/2020\/06\/blog-7-copyright-1.jpg);width:50%;right: 0;\"><\/div><div class=\"sc_promo_text\" style=\"width: 50%;float: left;\">\n\t\t\t<div class=\"sc_promo_text_inner sc_content_width_50%\" style=\"\"><div class=\"sc_promo_content sc_item_content\"><div id=\"sc_title_904428087\"\n\t\tclass=\"sc_title color_style_default sc_title_default\"><h2 class=\"sc_item_title sc_title_title sc_align_left sc_item_title_style_default sc_item_title_tag\">M\u00fchendislik Sigortalar\u0131<\/h2><div class=\"sc_item_descr sc_title_descr sc_align_left\"><p>\u0130n\u015faat ve montaj risk sigortas\u0131 ve makina k\u0131r\u0131lmas\u0131 sigortas\u0131 ile i\u015finizi b\u00fcy\u00fck boyutlu zararlara kar\u015f\u0131 koruma alt\u0131na alabilirsiniz.<\/p>\n<\/div><\/div><!-- \/.sc_title -->[vc_column_text]<b>\u0130n\u015faat (All Risks) Sigortas\u0131<br \/>\n<\/b>Bu \u00fcr\u00fcn\u00fcm\u00fcz m\u00fcteahhit kurulu\u015flar i\u00e7in in\u015faat s\u00fcresi i\u00e7inde sigorta konusunu te\u015fkil eden de\u011ferler i\u00e7in, \u00f6nceden bilinmeyen ve ani bir sebeple\u00a0(do\u011fa, teknik ve insan fakt\u00f6rlerinin) neden olabilece\u011fi\u00a0ve ortaya \u00e7\u0131kabilecek hasarlar\u0131 g\u00fcvence alt\u0131na al\u0131r.<\/p>\n<p><b>Montaj (All Risks) Sigortas\u0131<br \/>\n<\/b>Montaj faaliyetlerinin ba\u015flang\u0131c\u0131ndan bitimine kadar ge\u00e7en s\u00fcre i\u00e7inde, ani ve beklenmedik sebeplerle ortaya \u00e7\u0131kabilecek risklere kar\u015f\u0131 olu\u015fabilecek maddi kay\u0131plar\u0131 g\u00fcvence alt\u0131na al\u0131r.<\/p>\n<p><b>Makine K\u0131r\u0131lmas\u0131 Sigortas\u0131<br \/>\n<\/b>\u0130\u015fletmenizde kullan\u0131lan makinelerin \u00e7al\u0131\u015f\u0131rken \u00a0beklenmedik sebeplerden dolay\u0131 \u00fcretiminizin aksamas\u0131na sebep olacak ve maliyet kayb\u0131 yaratacak durumlar i\u00e7in makinelerinizi g\u00fcvence alt\u0131na al\u0131r.[\/vc_column_text][vc_empty_space height=&#8221;1em&#8221; alter_height=&#8221;none&#8221; hide_on_desktop=&#8221;&#8221; hide_on_notebook=&#8221;&#8221; hide_on_tablet=&#8221;&#8221; hide_on_mobile=&#8221;&#8221;]<\/div><\/div>\n\t\t<\/div><!-- \/.sc_promo_text --><\/div><!-- \/.sc_promo -->[\/vc_column][\/vc_row][vc_row full_width=&#8221;stretch_row&#8221; equal_height=&#8221;yes&#8221; content_placement=&#8221;middle&#8221; scheme=&#8221;dark&#8221; hide_bg_image_on_tablet=&#8221;&#8221; hide_bg_image_on_mobile=&#8221;&#8221; row_delimiter=&#8221;&#8221; hide_on_desktop=&#8221;&#8221; hide_on_notebook=&#8221;&#8221; hide_on_tablet=&#8221;&#8221; hide_on_mobile=&#8221;&#8221; hide_on_frontpage=&#8221;&#8221; css=&#8221;.vc_custom_1592240947987{background-color: #be1724 !important;background-size: cover !important;}&#8221;][vc_column width=&#8221;2\/3&#8243; icons_position=&#8221;left&#8221;][vc_empty_space height=&#8221;3em&#8221; alter_height=&#8221;none&#8221; hide_on_desktop=&#8221;&#8221; hide_on_notebook=&#8221;&#8221; hide_on_tablet=&#8221;&#8221; hide_on_mobile=&#8221;&#8221;]<div id=\"sc_title_722359954\"\n\t\tclass=\"sc_title color_style_default sc_title_accent\"><h3 class=\"sc_item_title sc_title_title sc_align_left sc_item_title_style_accent sc_item_title_tag\">Bize Ula\u015fmak \u00c7ok Kolay<\/h3><div class=\"sc_item_descr sc_title_descr sc_align_left\"><p>Hayat\u0131n\u0131z\u0131 kolayla\u015ft\u0131racak sigorta \u00fcr\u00fcnlerimiz hakk\u0131nda bilgi sahibi olman\u0131z i\u00e7in sizi arayal\u0131m<\/p>\n<\/div><\/div><!-- \/.sc_title -->[vc_empty_space height=&#8221;1.5em&#8221; alter_height=&#8221;none&#8221; hide_on_desktop=&#8221;&#8221; hide_on_notebook=&#8221;&#8221; hide_on_tablet=&#8221;&#8221; hide_on_mobile=&#8221;&#8221;][vc_empty_space height=&#8221;1.5em&#8221; alter_height=&#8221;none&#8221; hide_on_desktop=&#8221;&#8221; hide_on_notebook=&#8221;&#8221; hide_on_tablet=&#8221;&#8221; hide_on_mobile=&#8221;1&#8243;][\/vc_column][vc_column width=&#8221;1\/3&#8243; icons_position=&#8221;left&#8221; el_class=&#8221;btn_left&#8221;][vc_empty_space height=&#8221;0.5em&#8221; alter_height=&#8221;none&#8221; hide_on_desktop=&#8221;&#8221; hide_on_notebook=&#8221;&#8221; hide_on_tablet=&#8221;&#8221; hide_on_mobile=&#8221;&#8221;]<div class=\"sc_item_button sc_button_wrap sc_align_right\"><a href=\"http:\/\/beltema.com.tr\/index.php\/iletisim\/\" id=\"sc_button_1655406044\" class=\"sc_button color_style_dark sc_button_bordered sc_button_size_normal sc_button_with_icon sc_button_icon_left\"><span class=\"sc_button_icon\"><span class=\"icon-mail-light\"><\/span><\/span><span class=\"sc_button_text\"><span class=\"sc_button_title\">Bize Ula\u015f\u0131n<\/span><\/span><!-- \/.sc_button_text --><\/a><!-- \/.sc_button --><\/div><!-- \/.sc_item_button -->[vc_empty_space height=&#8221;3em&#8221; alter_height=&#8221;none&#8221; hide_on_desktop=&#8221;1&#8243; hide_on_notebook=&#8221;1&#8243; hide_on_tablet=&#8221;1&#8243; hide_on_mobile=&#8221;&#8221;][\/vc_column][\/vc_row]<\/p>\n","protected":false},"excerpt":{"rendered":"<p>[vc_row full_width=&#8221;stretch_row_content_no_spaces&#8221;][vc_column hide_bg_image_on_tablet=&#8221;&#8221; hide_bg_image_on_mobile=&#8221;&#8221; icons_position=&#8221;left&#8221;][vc_row_inner][vc_column_inner][vc_empty_space height=&#8221;60px&#8221; hide_on_desktop=&#8221;&#8221; hide_on_notebook=&#8221;&#8221; hide_on_tablet=&#8221;&#8221; hide_on_mobile=&#8221;&#8221;][\/vc_column_inner][\/vc_row_inner][vc_empty_space height=&#8221;60px&#8221; hide_on_desktop=&#8221;&#8221; hide_on_notebook=&#8221;&#8221; hide_on_tablet=&#8221;&#8221; hide_on_mobile=&#8221;&#8221;][\/vc_column][\/vc_row][vc_row full_width=&#8221;stretch_row&#8221; equal_height=&#8221;yes&#8221; content_placement=&#8221;middle&#8221; scheme=&#8221;dark&#8221; hide_bg_image_on_tablet=&#8221;&#8221; hide_bg_image_on_mobile=&#8221;&#8221; row_delimiter=&#8221;&#8221; hide_on_desktop=&#8221;&#8221; hide_on_notebook=&#8221;&#8221; hide_on_tablet=&#8221;&#8221; hide_on_mobile=&#8221;&#8221; hide_on_frontpage=&#8221;&#8221; css=&#8221;.vc_custom_1592240947987{background-color: #be1724 !important;background-size:&hellip;<\/p>\n","protected":false},"author":1,"featured_media":0,"parent":0,"menu_order":26,"comment_status":"closed","ping_status":"closed","template":"","meta":{"footnotes":""},"class_list":["post-442","page","type-page","status-publish","hentry"],"_links":{"self":[{"href":"https:\/\/beltema.com.tr\/index.php\/wp-json\/wp\/v2\/pages\/442","targetHints":{"allow":["GET"]}}],"collection":[{"href":"https:\/\/beltema.com.tr\/index.php\/wp-json\/wp\/v2\/pages"}],"about":[{"href":"https:\/\/beltema.com.tr\/index.php\/wp-json\/wp\/v2\/types\/page"}],"author":[{"embeddable":true,"href":"https:\/\/beltema.com.tr\/index.php\/wp-json\/wp\/v2\/users\/1"}],"replies":[{"embeddable":true,"href":"https:\/\/beltema.com.tr\/index.php\/wp-json\/wp\/v2\/comments?post=442"}],"version-history":[{"count":14,"href":"https:\/\/beltema.com.tr\/index.php\/wp-json\/wp\/v2\/pages\/442\/revisions"}],"predecessor-version":[{"id":2527,"href":"https:\/\/beltema.com.tr\/index.php\/wp-json\/wp\/v2\/pages\/442\/revisions\/2527"}],"wp:attachment":[{"href":"https:\/\/beltema.com.tr\/index.php\/wp-json\/wp\/v2\/media?parent=442"}],"curies":[{"name":"wp","href":"https:\/\/api.w.org\/{rel}","templated":true}]}}