{"id":2575,"date":"2021-03-02T07:27:43","date_gmt":"2021-03-02T07:27:43","guid":{"rendered":"http:\/\/beltema.com.tr\/?page_id=2575"},"modified":"2021-03-02T07:34:04","modified_gmt":"2021-03-02T07:34:04","slug":"genel-mudur","status":"publish","type":"page","link":"https:\/\/beltema.com.tr\/index.php\/genel-mudur\/","title":{"rendered":"Genel M\u00fcd\u00fcr"},"content":{"rendered":"<p>[vc_row full_width=&#8221;stretch_row&#8221; scheme=&#8221;dark&#8221; extra_bg_mask=&#8221;6&#8243; hide_bg_image_on_tablet=&#8221;&#8221; hide_bg_image_on_mobile=&#8221;&#8221; row_delimiter=&#8221;&#8221; hide_on_desktop=&#8221;&#8221; hide_on_notebook=&#8221;&#8221; hide_on_tablet=&#8221;&#8221; hide_on_mobile=&#8221;&#8221; hide_on_frontpage=&#8221;&#8221; css=&#8221;.vc_custom_1587377523582{background: #141a1c url(https:\/\/beltema.com.tr\/wp-content\/uploads\/2020\/04\/28143_1_gorsel-banner-1.jpg?id=2434) !important;background-position: top left !important;background-repeat: no-repeat !important;background-size: cover !important;}&#8221;][vc_column icons_position=&#8221;left&#8221;][vc_empty_space height=&#8221;60px&#8221; hide_on_desktop=&#8221;&#8221; hide_on_notebook=&#8221;&#8221; hide_on_tablet=&#8221;&#8221; hide_on_mobile=&#8221;&#8221;][vc_empty_space height=&#8221;60px&#8221; hide_on_desktop=&#8221;&#8221; hide_on_notebook=&#8221;&#8221; hide_on_tablet=&#8221;&#8221; hide_on_mobile=&#8221;&#8221;][vc_column_text]<\/p>\n<h1 style=\"text-align: center;\"><strong>Genel M\u00fcd\u00fcr<\/strong><\/h1>\n<p>[\/vc_column_text][vc_empty_space height=&#8221;3em&#8221; alter_height=&#8221;none&#8221; hide_on_desktop=&#8221;&#8221; hide_on_notebook=&#8221;&#8221; hide_on_tablet=&#8221;1&#8243; hide_on_mobile=&#8221;1&#8243;][\/vc_column][\/vc_row][vc_row full_width=&#8221;stretch_row_content&#8221; gap=&#8221;35&#8243;][vc_column width=&#8221;2\/3&#8243; hide_bg_image_on_tablet=&#8221;&#8221; hide_bg_image_on_mobile=&#8221;&#8221; icons_position=&#8221;left&#8221;]<div id=\"sc_title_1625963083\"\n\t\tclass=\"sc_title color_style_default sc_title_default\"><h3 class=\"sc_item_title sc_title_title sc_align_left sc_item_title_style_default\">Ali \u00c7al\u0131\u015fkan<\/h3><div class=\"sc_item_descr sc_title_descr sc_align_left\"><p>Beltema Sigorta Arac\u0131l\u0131k Hizmetleri Ltd. \u015eti Genel M\u00fcd\u00fcr\u00fc<\/p>\n<\/div><\/div><!-- \/.sc_title -->[vc_column_text]<strong>Do\u011fum Yeri<\/strong>: Beypazar\u0131\/ANKARA<\/p>\n<p><strong>Do\u011fum Tarihi<\/strong>: 02\/02\/1987<\/p>\n<p>Ali \u00c7al\u0131\u015fkan 2 \u015eubat 1987\u2019de Ankara Beypazar\u0131\u2019nda do\u011fdu. \u0130lk Orta ve Lise e\u011fitimini Beypazar\u0131 \u2019nda tamamlad\u0131. 2005-2008 y\u0131llar\u0131 aras\u0131nda Ankara \u00dcniversitesi &#8211; Bankac\u0131l\u0131k ve Sigortac\u0131l\u0131k b\u00f6l\u00fcm\u00fcn\u00fc bitiren \u00c7al\u0131\u015fkan, e\u011fitim hayat\u0131n\u0131 2013 y\u0131l\u0131nda Anadolu \u00dcniversitesi &#8211; \u0130\u015fletme b\u00f6l\u00fcm\u00fcn\u00fc bitirerek tamamlamas\u0131n\u0131n ard\u0131ndan Bo\u011fazi\u00e7i \u00dcniversitesi\u2019nde yeti\u015ftirme programlar\u0131na kat\u0131lm\u0131\u015f ve sekt\u00f6re y\u00f6nelik e\u011fitim alm\u0131\u015ft\u0131r.<\/p>\n<p>Sigortac\u0131l\u0131k sekt\u00f6r\u00fcne Fortis Emeklilik firmas\u0131 ile giri\u015f yapm\u0131\u015f ve ard\u0131ndan Yap\u0131 Kredi Emeklilik, Avivasa Emeklilik, Aegon Emeklilik, Mapfre Sigorta gibi \u015firketlerde Birikim Uzmanl\u0131\u011f\u0131 ve Sigorta Y\u00f6neticili\u011fi yapm\u0131\u015ft\u0131r.<\/p>\n<p>15 y\u0131ldan fazla sekt\u00f6r deneyiminin yan\u0131nda Segem ve Bireysel Emeklilik Lisans\u0131 da bulunan Ali \u00c7al\u0131\u015fkan, 2019 y\u0131l\u0131nda Ankara B\u00fcy\u00fck\u015fehir Belediyesi \u0130\u015ftiraki olan Beltema Sigorta Arac\u0131l\u0131k Hizmetleri Ltd. \u015eti.\u2019nin kurulu\u015funu ger\u00e7ekle\u015ftirerek belediyecilik anlam\u0131nda T\u00fcrkiye\u2019 de bir ilke imza atm\u0131\u015ft\u0131r. \u015eirket kurulu\u015funun ard\u0131ndan Beltema Sigorta Genel M\u00fcd\u00fcr olarak atanm\u0131\u015f olup, halen aktif olarak g\u00f6revine devam etmektedir.[\/vc_column_text][\/vc_column][vc_column width=&#8221;1\/3&#8243;][vc_single_image image=&#8221;2577&#8243; img_size=&#8221;full&#8221;][\/vc_column][vc_column][\/vc_column][vc_column][\/vc_column][\/vc_row][vc_row full_width=&#8221;stretch_row&#8221; equal_height=&#8221;yes&#8221; content_placement=&#8221;middle&#8221; scheme=&#8221;dark&#8221; hide_bg_image_on_tablet=&#8221;&#8221; hide_bg_image_on_mobile=&#8221;&#8221; row_delimiter=&#8221;&#8221; hide_on_desktop=&#8221;&#8221; hide_on_notebook=&#8221;&#8221; hide_on_tablet=&#8221;&#8221; hide_on_mobile=&#8221;&#8221; hide_on_frontpage=&#8221;&#8221; css=&#8221;.vc_custom_1592815235342{background: #be1724 url(https:\/\/beltema.com.tr\/wp-content\/uploads\/2020\/04\/uzunb.jpg?id=2411) !important;background-position: center !important;background-repeat: no-repeat !important;background-size: cover !important;}&#8221;][vc_column width=&#8221;2\/3&#8243; icons_position=&#8221;left&#8221;][vc_empty_space height=&#8221;3em&#8221; alter_height=&#8221;none&#8221; hide_on_desktop=&#8221;&#8221; hide_on_notebook=&#8221;&#8221; hide_on_tablet=&#8221;&#8221; hide_on_mobile=&#8221;&#8221;]<div id=\"sc_title_968121373\"\n\t\tclass=\"sc_title color_style_default sc_title_accent\"><h3 class=\"sc_item_title sc_title_title sc_align_left sc_item_title_style_accent sc_item_title_tag\">De\u011ferlerinizi Beltema Sigorta ile g\u00fcvence alt\u0131na al\u0131n.<\/h3><div class=\"sc_item_descr sc_title_descr sc_align_left\"><p>\u0130htiyac\u0131n\u0131za en uygun sigorta tekliflerini do\u011fru teminatlarla ve avantajl\u0131 fiyatlarla sizin i\u00e7in haz\u0131rl\u0131yoruz.<\/p>\n<\/div><\/div><!-- \/.sc_title -->[vc_empty_space height=&#8221;1.5em&#8221; alter_height=&#8221;none&#8221; hide_on_desktop=&#8221;&#8221; hide_on_notebook=&#8221;&#8221; hide_on_tablet=&#8221;&#8221; hide_on_mobile=&#8221;&#8221;][vc_empty_space height=&#8221;1.5em&#8221; alter_height=&#8221;none&#8221; hide_on_desktop=&#8221;&#8221; hide_on_notebook=&#8221;&#8221; hide_on_tablet=&#8221;&#8221; hide_on_mobile=&#8221;1&#8243;][\/vc_column][vc_column width=&#8221;1\/3&#8243; icons_position=&#8221;left&#8221; el_class=&#8221;btn_left&#8221;][vc_empty_space height=&#8221;0.5em&#8221; alter_height=&#8221;none&#8221; hide_on_desktop=&#8221;&#8221; hide_on_notebook=&#8221;&#8221; hide_on_tablet=&#8221;&#8221; hide_on_mobile=&#8221;&#8221;]<div class=\"sc_item_button sc_button_wrap sc_align_right\"><a href=\"http:\/\/beltema.com.tr\/index.php\/iletisim\/\" id=\"sc_button_1318257796\" class=\"sc_button color_style_dark sc_button_bordered sc_button_size_normal sc_button_with_icon sc_button_icon_left\"><span class=\"sc_button_icon\"><span class=\"icon-mail-light\"><\/span><\/span><span class=\"sc_button_text\"><span class=\"sc_button_title\">Bize Ula\u015f\u0131n<\/span><\/span><!-- \/.sc_button_text --><\/a><!-- \/.sc_button --><\/div><!-- \/.sc_item_button -->[vc_empty_space height=&#8221;3em&#8221; alter_height=&#8221;none&#8221; hide_on_desktop=&#8221;1&#8243; hide_on_notebook=&#8221;1&#8243; hide_on_tablet=&#8221;1&#8243; hide_on_mobile=&#8221;&#8221;][\/vc_column][\/vc_row]<\/p>\n","protected":false},"excerpt":{"rendered":"<p>[vc_row full_width=&#8221;stretch_row&#8221; scheme=&#8221;dark&#8221; extra_bg_mask=&#8221;6&#8243; hide_bg_image_on_tablet=&#8221;&#8221; hide_bg_image_on_mobile=&#8221;&#8221; row_delimiter=&#8221;&#8221; hide_on_desktop=&#8221;&#8221; hide_on_notebook=&#8221;&#8221; hide_on_tablet=&#8221;&#8221; hide_on_mobile=&#8221;&#8221; hide_on_frontpage=&#8221;&#8221; css=&#8221;.vc_custom_1587377523582{background: #141a1c url(https:\/\/beltema.com.tr\/wp-content\/uploads\/2020\/04\/28143_1_gorsel-banner-1.jpg?id=2434) !important;background-position: top left !important;background-repeat: no-repeat !important;background-size: cover !important;}&#8221;][vc_column icons_position=&#8221;left&#8221;][vc_empty_space height=&#8221;60px&#8221; hide_on_desktop=&#8221;&#8221; hide_on_notebook=&#8221;&#8221; hide_on_tablet=&#8221;&#8221; hide_on_mobile=&#8221;&#8221;][vc_empty_space height=&#8221;60px&#8221;&hellip;<\/p>\n","protected":false},"author":1,"featured_media":0,"parent":0,"menu_order":7,"comment_status":"closed","ping_status":"closed","template":"","meta":{"footnotes":""},"class_list":["post-2575","page","type-page","status-publish","hentry"],"_links":{"self":[{"href":"https:\/\/beltema.com.tr\/index.php\/wp-json\/wp\/v2\/pages\/2575","targetHints":{"allow":["GET"]}}],"collection":[{"href":"https:\/\/beltema.com.tr\/index.php\/wp-json\/wp\/v2\/pages"}],"about":[{"href":"https:\/\/beltema.com.tr\/index.php\/wp-json\/wp\/v2\/types\/page"}],"author":[{"embeddable":true,"href":"https:\/\/beltema.com.tr\/index.php\/wp-json\/wp\/v2\/users\/1"}],"replies":[{"embeddable":true,"href":"https:\/\/beltema.com.tr\/index.php\/wp-json\/wp\/v2\/comments?post=2575"}],"version-history":[{"count":2,"href":"https:\/\/beltema.com.tr\/index.php\/wp-json\/wp\/v2\/pages\/2575\/revisions"}],"predecessor-version":[{"id":2578,"href":"https:\/\/beltema.com.tr\/index.php\/wp-json\/wp\/v2\/pages\/2575\/revisions\/2578"}],"wp:attachment":[{"href":"https:\/\/beltema.com.tr\/index.php\/wp-json\/wp\/v2\/media?parent=2575"}],"curies":[{"name":"wp","href":"https:\/\/api.w.org\/{rel}","templated":true}]}}