{"id":2554,"date":"2021-02-03T17:08:31","date_gmt":"2021-02-03T17:08:31","guid":{"rendered":"http:\/\/beltema.com.tr\/?page_id=2554"},"modified":"2025-07-02T09:00:51","modified_gmt":"2025-07-02T06:00:51","slug":"yonetim-kurulu","status":"publish","type":"page","link":"https:\/\/beltema.com.tr\/index.php\/yonetim-kurulu\/","title":{"rendered":"Y\u00f6netim Kurulu"},"content":{"rendered":"<p>[vc_row full_width=&#8221;stretch_row&#8221; scheme=&#8221;dark&#8221; extra_bg_mask=&#8221;6&#8243; hide_bg_image_on_tablet=&#8221;&#8221; hide_bg_image_on_mobile=&#8221;&#8221; row_delimiter=&#8221;&#8221; hide_on_desktop=&#8221;&#8221; hide_on_notebook=&#8221;&#8221; hide_on_tablet=&#8221;&#8221; hide_on_mobile=&#8221;&#8221; hide_on_frontpage=&#8221;&#8221; css=&#8221;.vc_custom_1587377523582{background: #141a1c url(https:\/\/beltema.com.tr\/wp-content\/uploads\/2020\/04\/28143_1_gorsel-banner-1.jpg?id=2434) !important;background-position: top left !important;background-repeat: no-repeat !important;background-size: cover !important;}&#8221;][vc_column icons_position=&#8221;left&#8221;][vc_empty_space height=&#8221;12em&#8221; alter_height=&#8221;none&#8221; hide_on_desktop=&#8221;&#8221; hide_on_notebook=&#8221;&#8221; hide_on_tablet=&#8221;&#8221; hide_on_mobile=&#8221;&#8221;][vc_column_text]<\/p>\n<h1 style=\"text-align: center;\"><strong>Y\u00d6NET\u0130M KURULU<\/strong><\/h1>\n<p>[\/vc_column_text][vc_empty_space height=&#8221;3em&#8221; alter_height=&#8221;none&#8221; hide_on_desktop=&#8221;&#8221; hide_on_notebook=&#8221;&#8221; hide_on_tablet=&#8221;1&#8243; hide_on_mobile=&#8221;1&#8243;]<div id=\"sc_title_1708772844\"\n\t\tclass=\"sc_title color_style_default sc_title_accent\"><h1 class=\"sc_item_title sc_title_title sc_align_center sc_item_title_style_accent sc_item_title_tag\">Beltema ile G\u00fcvendesiniz<\/h1><div class=\"sc_item_descr sc_title_descr sc_align_center\"><p>Otomobil sigortalar\u0131ndan sa\u011fl\u0131k sigortas\u0131na, do\u011fal afet sigortas\u0131ndan konut sigortas\u0131na kadar t\u00fcm sigortac\u0131l\u0131k \u00e7\u00f6z\u00fcmlerimiz i\u00e7in yan\u0131n\u0131zday\u0131z.<\/p>\n<\/div><\/div><!-- \/.sc_title -->[vc_empty_space height=&#8221;14em&#8221; alter_height=&#8221;none&#8221; hide_on_desktop=&#8221;&#8221; hide_on_notebook=&#8221;&#8221; hide_on_tablet=&#8221;&#8221; hide_on_mobile=&#8221;&#8221;][vc_empty_space height=&#8221;3em&#8221; alter_height=&#8221;none&#8221; hide_on_desktop=&#8221;&#8221; hide_on_notebook=&#8221;&#8221; hide_on_tablet=&#8221;1&#8243; hide_on_mobile=&#8221;1&#8243;][\/vc_column][\/vc_row][vc_row][vc_column icons_position=&#8221;left&#8221;][vc_single_image image=&#8221;2928&#8243; img_size=&#8221;full&#8221;][\/vc_column][\/vc_row][vc_row full_width=&#8221;stretch_row_content_no_spaces&#8221;][vc_column hide_bg_image_on_tablet=&#8221;&#8221; hide_bg_image_on_mobile=&#8221;&#8221; icons_position=&#8221;left&#8221;]<div  id=\"sc_promo_925968904\" \n\tclass=\"sc_promo color_style_default scheme_dark sc_promo_default sc_promo_size_large sc_promo_image_position_right\"><div class=\"sc_promo_image\" style=\"background-image:url(https:\/\/beltema.com.tr\/wp-content\/uploads\/2020\/04\/kurumsal.jpg);width:50%;right: 0;\"><\/div><div class=\"sc_promo_text\" style=\"width: 50%;float: left;\">\n\t\t\t<div class=\"sc_promo_text_inner sc_content_width_50%\" style=\"\"><div class=\"sc_promo_content sc_item_content\"><div id=\"sc_title_388212203\"\n\t\tclass=\"sc_title color_style_default sc_title_default\"><h2 class=\"sc_item_title sc_title_title sc_align_left sc_item_title_style_default sc_item_title_tag\">Hakk\u0131m\u0131zda<\/h2><div class=\"sc_item_descr sc_title_descr sc_align_left\"><p>Beltema Sigorta ve Arac\u0131l\u0131k Hizmetleri Ltd. \u015eti. 2019 y\u0131l\u0131nda T.C. Ankara B\u00fcy\u00fck\u015fehir Belediyesi i\u015ftiraki olrak kurulmu\u015f olup; 21.10.2019 tarihi itibariyle sigortac\u0131l\u0131k faaliyetlerine ba\u015flam\u0131\u015ft\u0131r.<\/p>\n<\/div><\/div><!-- \/.sc_title -->[vc_column_text]<strong>Vizyonumuz<\/strong><\/p>\n<p>Mevcutta ve gelecekte ortaya \u00e7\u0131kabilecek sigortalanabilir de\u011ferlerin en etik \u015fekilde kapsam alt\u0131na al\u0131narak ve rekabet\u00e7i piyasa ko\u015fullar\u0131n\u0131 g\u00f6z \u00f6n\u00fcnde bulundurarak de\u011ferlemesini yapmak.<\/p>\n<p>Ayr\u0131ca \u00fclkemizdeki sigortac\u0131l\u0131k alan\u0131nda farkl\u0131l\u0131k yaratak, kamu ve \u00f6zel kurulu\u015flardaki sigorta bilincini en \u00fcst seviyeye getirmek,\u00a0 sigortac\u0131l\u0131k alan\u0131nda yeni projelere yer vermektir.<\/p>\n<p><strong>Misyonumuz<\/strong><\/p>\n<p>T.C. Ankara B\u00fcy\u00fck\u015fehir Belediyesi b\u00fcnyesindeki t\u00fcm birimler ve i\u015ftiraklerine; \u00f6zel ve t\u00fczel ki\u015filere sigorta acentelik hizmeti sa\u011flamak,ayn\u0131 zamanda Ankara B\u00fcy\u00fck\u015fehir Belediyesi personeline sigorta\u00a0 \u00fcr\u00fcnleri hakk\u0131nda en uygun fiyatland\u0131rmayla geni\u015f bir yelpaze sunmakt\u0131r.[\/vc_column_text][vc_empty_space height=&#8221;2em&#8221; alter_height=&#8221;none&#8221; hide_on_desktop=&#8221;&#8221; hide_on_notebook=&#8221;&#8221; hide_on_tablet=&#8221;&#8221; hide_on_mobile=&#8221;&#8221;][vc_empty_space height=&#8221;1em&#8221; alter_height=&#8221;none&#8221; hide_on_desktop=&#8221;&#8221; hide_on_notebook=&#8221;&#8221; hide_on_tablet=&#8221;&#8221; hide_on_mobile=&#8221;&#8221;]<\/div><\/div>\n\t\t<\/div><!-- \/.sc_promo_text --><\/div><!-- \/.sc_promo -->[\/vc_column][\/vc_row][vc_row full_width=&#8221;stretch_row&#8221; equal_height=&#8221;yes&#8221; content_placement=&#8221;middle&#8221; scheme=&#8221;dark&#8221; hide_bg_image_on_tablet=&#8221;&#8221; hide_bg_image_on_mobile=&#8221;&#8221; row_delimiter=&#8221;&#8221; hide_on_desktop=&#8221;&#8221; hide_on_notebook=&#8221;&#8221; hide_on_tablet=&#8221;&#8221; hide_on_mobile=&#8221;&#8221; hide_on_frontpage=&#8221;&#8221; css=&#8221;.vc_custom_1592815235342{background: #be1724 url(https:\/\/beltema.com.tr\/wp-content\/uploads\/2020\/04\/uzunb.jpg?id=2411) !important;background-position: center !important;background-repeat: no-repeat !important;background-size: cover !important;}&#8221;][vc_column width=&#8221;2\/3&#8243; icons_position=&#8221;left&#8221;][vc_empty_space height=&#8221;3em&#8221; alter_height=&#8221;none&#8221; hide_on_desktop=&#8221;&#8221; hide_on_notebook=&#8221;&#8221; hide_on_tablet=&#8221;&#8221; hide_on_mobile=&#8221;&#8221;]<div id=\"sc_title_2088581703\"\n\t\tclass=\"sc_title color_style_default sc_title_accent\"><h3 class=\"sc_item_title sc_title_title sc_align_left sc_item_title_style_accent sc_item_title_tag\">De\u011ferlerinizi Beltema Sigorta ile g\u00fcvence alt\u0131na al\u0131n.<\/h3><div class=\"sc_item_descr sc_title_descr sc_align_left\"><p>\u0130htiyac\u0131n\u0131za en uygun sigorta tekliflerini do\u011fru teminatlarla ve avantajl\u0131 fiyatlarla sizin i\u00e7in haz\u0131rl\u0131yoruz.<\/p>\n<\/div><\/div><!-- \/.sc_title -->[vc_empty_space height=&#8221;1.5em&#8221; alter_height=&#8221;none&#8221; hide_on_desktop=&#8221;&#8221; hide_on_notebook=&#8221;&#8221; hide_on_tablet=&#8221;&#8221; hide_on_mobile=&#8221;&#8221;][vc_empty_space height=&#8221;1.5em&#8221; alter_height=&#8221;none&#8221; hide_on_desktop=&#8221;&#8221; hide_on_notebook=&#8221;&#8221; hide_on_tablet=&#8221;&#8221; hide_on_mobile=&#8221;1&#8243;][\/vc_column][vc_column width=&#8221;1\/3&#8243; icons_position=&#8221;left&#8221; el_class=&#8221;btn_left&#8221;][vc_empty_space height=&#8221;0.5em&#8221; alter_height=&#8221;none&#8221; hide_on_desktop=&#8221;&#8221; hide_on_notebook=&#8221;&#8221; hide_on_tablet=&#8221;&#8221; hide_on_mobile=&#8221;&#8221;]<div class=\"sc_item_button sc_button_wrap sc_align_right\"><a href=\"http:\/\/beltema.com.tr\/index.php\/iletisim\/\" id=\"sc_button_348806385\" class=\"sc_button color_style_dark sc_button_bordered sc_button_size_normal sc_button_with_icon sc_button_icon_left\"><span class=\"sc_button_icon\"><span class=\"icon-mail-light\"><\/span><\/span><span class=\"sc_button_text\"><span class=\"sc_button_title\">Bize Ula\u015f\u0131n<\/span><\/span><!-- \/.sc_button_text --><\/a><!-- \/.sc_button --><\/div><!-- \/.sc_item_button -->[vc_empty_space height=&#8221;3em&#8221; alter_height=&#8221;none&#8221; hide_on_desktop=&#8221;1&#8243; hide_on_notebook=&#8221;1&#8243; hide_on_tablet=&#8221;1&#8243; hide_on_mobile=&#8221;&#8221;][\/vc_column][\/vc_row]<\/p>\n","protected":false},"excerpt":{"rendered":"<p>[vc_row full_width=&#8221;stretch_row&#8221; scheme=&#8221;dark&#8221; extra_bg_mask=&#8221;6&#8243; hide_bg_image_on_tablet=&#8221;&#8221; hide_bg_image_on_mobile=&#8221;&#8221; row_delimiter=&#8221;&#8221; hide_on_desktop=&#8221;&#8221; hide_on_notebook=&#8221;&#8221; hide_on_tablet=&#8221;&#8221; hide_on_mobile=&#8221;&#8221; hide_on_frontpage=&#8221;&#8221; css=&#8221;.vc_custom_1587377523582{background: #141a1c url(https:\/\/beltema.com.tr\/wp-content\/uploads\/2020\/04\/28143_1_gorsel-banner-1.jpg?id=2434) !important;background-position: top left !important;background-repeat: no-repeat !important;background-size: cover !important;}&#8221;][vc_column icons_position=&#8221;left&#8221;][vc_empty_space height=&#8221;12em&#8221; alter_height=&#8221;none&#8221; hide_on_desktop=&#8221;&#8221; hide_on_notebook=&#8221;&#8221; hide_on_tablet=&#8221;&#8221; hide_on_mobile=&#8221;&#8221;][vc_column_text]&hellip;<\/p>\n","protected":false},"author":1,"featured_media":0,"parent":0,"menu_order":9,"comment_status":"closed","ping_status":"closed","template":"","meta":{"footnotes":""},"class_list":["post-2554","page","type-page","status-publish","hentry"],"_links":{"self":[{"href":"https:\/\/beltema.com.tr\/index.php\/wp-json\/wp\/v2\/pages\/2554","targetHints":{"allow":["GET"]}}],"collection":[{"href":"https:\/\/beltema.com.tr\/index.php\/wp-json\/wp\/v2\/pages"}],"about":[{"href":"https:\/\/beltema.com.tr\/index.php\/wp-json\/wp\/v2\/types\/page"}],"author":[{"embeddable":true,"href":"https:\/\/beltema.com.tr\/index.php\/wp-json\/wp\/v2\/users\/1"}],"replies":[{"embeddable":true,"href":"https:\/\/beltema.com.tr\/index.php\/wp-json\/wp\/v2\/comments?post=2554"}],"version-history":[{"count":6,"href":"https:\/\/beltema.com.tr\/index.php\/wp-json\/wp\/v2\/pages\/2554\/revisions"}],"predecessor-version":[{"id":2929,"href":"https:\/\/beltema.com.tr\/index.php\/wp-json\/wp\/v2\/pages\/2554\/revisions\/2929"}],"wp:attachment":[{"href":"https:\/\/beltema.com.tr\/index.php\/wp-json\/wp\/v2\/media?parent=2554"}],"curies":[{"name":"wp","href":"https:\/\/api.w.org\/{rel}","templated":true}]}}