{"id":2496,"date":"2020-06-22T05:08:20","date_gmt":"2020-06-22T05:08:20","guid":{"rendered":"http:\/\/beltema.com.tr\/?page_id=2496"},"modified":"2020-06-22T08:28:44","modified_gmt":"2020-06-22T08:28:44","slug":"saglik-sigortalari","status":"publish","type":"page","link":"https:\/\/beltema.com.tr\/index.php\/saglik-sigortalari\/","title":{"rendered":"Sa\u011fl\u0131k Sigortalar\u0131"},"content":{"rendered":"<p>[vc_row full_width=&#8221;stretch_row_content_no_spaces&#8221;][vc_column hide_bg_image_on_tablet=&#8221;&#8221; hide_bg_image_on_mobile=&#8221;&#8221; icons_position=&#8221;left&#8221;][vc_row_inner][vc_column_inner][vc_empty_space height=&#8221;60px&#8221; hide_on_desktop=&#8221;&#8221; hide_on_notebook=&#8221;&#8221; hide_on_tablet=&#8221;&#8221; hide_on_mobile=&#8221;&#8221;][\/vc_column_inner][\/vc_row_inner][vc_empty_space height=&#8221;60px&#8221; hide_on_desktop=&#8221;&#8221; hide_on_notebook=&#8221;&#8221; hide_on_tablet=&#8221;&#8221; hide_on_mobile=&#8221;&#8221;]<div  id=\"sc_promo_1779757808\" \n\tclass=\"sc_promo color_style_default scheme_dark sc_promo_default sc_promo_size_large sc_promo_image_position_right\"><div class=\"sc_promo_image\" style=\"background-image:url(https:\/\/beltema.com.tr\/wp-content\/uploads\/2020\/06\/saglik.jpg);width:50%;right: 0;\"><\/div><div class=\"sc_promo_text\" style=\"width: 50%;float: left;\">\n\t\t\t<div class=\"sc_promo_text_inner sc_content_width_50%\" style=\"\"><div class=\"sc_promo_content sc_item_content\"><div id=\"sc_title_334389768\"\n\t\tclass=\"sc_title color_style_default sc_title_default\"><h2 class=\"sc_item_title sc_title_title sc_align_left sc_item_title_style_default sc_item_title_tag\">Sa\u011fl\u0131k Sigortalar\u0131<\/h2><div class=\"sc_item_descr sc_title_descr sc_align_left\"><p>Sa\u011fl\u0131k sigortas\u0131 \u00fcr\u00fcnlerimiz ile bir kaza veya hastal\u0131k sonucunda ortaya \u00e7\u0131kabilecek sa\u011fl\u0131k giderlerinizi kar\u015f\u0131lay\u0131p en zor zamanlarda en b\u00fcy\u00fck yard\u0131mc\u0131n\u0131z olmaktad\u0131r.<\/p>\n<\/div><\/div><!-- \/.sc_title -->[vc_column_text]<b>\u00d6zel Sa\u011fl\u0131k Sigortas\u0131<br \/>\n<\/b>\u00d6zel sa\u011fl\u0131k sigortas\u0131 \u00a0kaza ve hastal\u0131k durumlar\u0131nda olu\u015facak masraflar\u0131n kar\u015f\u0131lanmas\u0131na y\u00f6nelik, ki\u015filere \u00f6zel olarak haz\u0131rlanm\u0131\u015f sa\u011fl\u0131k sigortas\u0131d\u0131r. Bu sigorta, yatarak ve ayakta tedavi hizmetlerinin yan\u0131 s\u0131ra acil durum halleri, PSA ve mamografi, ambulans, geni\u015f asistans se\u00e7enekleri ve check-up gibi ek sa\u011fl\u0131k hizmetlerini de kar\u015f\u0131lar.<\/p>\n<p><b>Tamamlay\u0131c\u0131 Sa\u011fl\u0131k Sigortas\u0131<br \/>\n<\/b>Beltema Tamamlay\u0131c\u0131 Sa\u011fl\u0131k Sigortas\u0131 sayesinde; \u00f6zel sa\u011fl\u0131k kurumlar\u0131nda, Sosyal G\u00fcvenlik Kurumu ile anla\u015fmal\u0131 kurum, bran\u015f ve doktorlar taraf\u0131ndan sunulan, poli\u00e7ede belirtilen teminatlar\u0131n\u00a0kapsam\u0131na al\u0131nan sa\u011fl\u0131k hizmetleri i\u00e7in sigortal\u0131lardan al\u0131nacak ilave \u00fccretleri \u00f6demez ve y\u00fcksek standartta bir sa\u011fl\u0131k hizmeti alabilirsiniz.<\/p>\n<p><b>Yabanc\u0131 Sa\u011fl\u0131k Sigortas\u0131<br \/>\n<\/b>Kanun gere\u011fince T\u00fcrk vatanda\u015f\u0131 olmayan ve ikamet izni almak i\u00e7in T\u00fcrkiye\u2019ye gelen yabanc\u0131 konuklar\u0131n, anla\u015fmal\u0131 sa\u011fl\u0131k kurumlar\u0131nda ger\u00e7ekle\u015fen tan\u0131 ve tedavilerine ait sa\u011fl\u0131k harcamalar\u0131, poli\u00e7ede belirtilen teminat, limit, \u00f6deme y\u00fczdesi ve istisnalara tabi olarak kar\u015f\u0131lan\u0131r.[\/vc_column_text][vc_empty_space height=&#8221;1em&#8221; alter_height=&#8221;none&#8221; hide_on_desktop=&#8221;&#8221; hide_on_notebook=&#8221;&#8221; hide_on_tablet=&#8221;&#8221; hide_on_mobile=&#8221;&#8221;]<\/div><\/div>\n\t\t<\/div><!-- \/.sc_promo_text --><\/div><!-- \/.sc_promo -->[\/vc_column][\/vc_row][vc_row full_width=&#8221;stretch_row&#8221; equal_height=&#8221;yes&#8221; content_placement=&#8221;middle&#8221; scheme=&#8221;dark&#8221; hide_bg_image_on_tablet=&#8221;&#8221; hide_bg_image_on_mobile=&#8221;&#8221; row_delimiter=&#8221;&#8221; hide_on_desktop=&#8221;&#8221; hide_on_notebook=&#8221;&#8221; hide_on_tablet=&#8221;&#8221; hide_on_mobile=&#8221;&#8221; hide_on_frontpage=&#8221;&#8221; css=&#8221;.vc_custom_1592240947987{background-color: #be1724 !important;background-size: cover !important;}&#8221;][vc_column width=&#8221;2\/3&#8243; icons_position=&#8221;left&#8221;][vc_empty_space height=&#8221;3em&#8221; alter_height=&#8221;none&#8221; hide_on_desktop=&#8221;&#8221; hide_on_notebook=&#8221;&#8221; hide_on_tablet=&#8221;&#8221; hide_on_mobile=&#8221;&#8221;]<div id=\"sc_title_1456577797\"\n\t\tclass=\"sc_title color_style_default sc_title_accent\"><h3 class=\"sc_item_title sc_title_title sc_align_left sc_item_title_style_accent sc_item_title_tag\">Bize Ula\u015fmak \u00c7ok Kolay<\/h3><div class=\"sc_item_descr sc_title_descr sc_align_left\"><p>Hayat\u0131n\u0131z\u0131 kolayla\u015ft\u0131racak sigorta \u00fcr\u00fcnlerimiz hakk\u0131nda bilgi sahibi olman\u0131z i\u00e7in sizi arayal\u0131m<\/p>\n<\/div><\/div><!-- \/.sc_title -->[vc_empty_space height=&#8221;1.5em&#8221; alter_height=&#8221;none&#8221; hide_on_desktop=&#8221;&#8221; hide_on_notebook=&#8221;&#8221; hide_on_tablet=&#8221;&#8221; hide_on_mobile=&#8221;&#8221;][vc_empty_space height=&#8221;1.5em&#8221; alter_height=&#8221;none&#8221; hide_on_desktop=&#8221;&#8221; hide_on_notebook=&#8221;&#8221; hide_on_tablet=&#8221;&#8221; hide_on_mobile=&#8221;1&#8243;][\/vc_column][vc_column width=&#8221;1\/3&#8243; icons_position=&#8221;left&#8221; el_class=&#8221;btn_left&#8221;][vc_empty_space height=&#8221;0.5em&#8221; alter_height=&#8221;none&#8221; hide_on_desktop=&#8221;&#8221; hide_on_notebook=&#8221;&#8221; hide_on_tablet=&#8221;&#8221; hide_on_mobile=&#8221;&#8221;]<div class=\"sc_item_button sc_button_wrap sc_align_right\"><a href=\"http:\/\/beltema.com.tr\/index.php\/iletisim\/\" id=\"sc_button_480689316\" class=\"sc_button color_style_dark sc_button_bordered sc_button_size_normal sc_button_with_icon sc_button_icon_left\"><span class=\"sc_button_icon\"><span class=\"icon-mail-light\"><\/span><\/span><span class=\"sc_button_text\"><span class=\"sc_button_title\">Bize Ula\u015f\u0131n<\/span><\/span><!-- \/.sc_button_text --><\/a><!-- \/.sc_button --><\/div><!-- \/.sc_item_button -->[vc_empty_space height=&#8221;3em&#8221; alter_height=&#8221;none&#8221; hide_on_desktop=&#8221;1&#8243; hide_on_notebook=&#8221;1&#8243; hide_on_tablet=&#8221;1&#8243; hide_on_mobile=&#8221;&#8221;][\/vc_column][\/vc_row]<\/p>\n","protected":false},"excerpt":{"rendered":"<p>[vc_row full_width=&#8221;stretch_row_content_no_spaces&#8221;][vc_column hide_bg_image_on_tablet=&#8221;&#8221; hide_bg_image_on_mobile=&#8221;&#8221; icons_position=&#8221;left&#8221;][vc_row_inner][vc_column_inner][vc_empty_space height=&#8221;60px&#8221; hide_on_desktop=&#8221;&#8221; hide_on_notebook=&#8221;&#8221; hide_on_tablet=&#8221;&#8221; hide_on_mobile=&#8221;&#8221;][\/vc_column_inner][\/vc_row_inner][vc_empty_space height=&#8221;60px&#8221; hide_on_desktop=&#8221;&#8221; hide_on_notebook=&#8221;&#8221; hide_on_tablet=&#8221;&#8221; hide_on_mobile=&#8221;&#8221;][\/vc_column][\/vc_row][vc_row full_width=&#8221;stretch_row&#8221; equal_height=&#8221;yes&#8221; content_placement=&#8221;middle&#8221; scheme=&#8221;dark&#8221; hide_bg_image_on_tablet=&#8221;&#8221; hide_bg_image_on_mobile=&#8221;&#8221; row_delimiter=&#8221;&#8221; hide_on_desktop=&#8221;&#8221; hide_on_notebook=&#8221;&#8221; hide_on_tablet=&#8221;&#8221; hide_on_mobile=&#8221;&#8221; hide_on_frontpage=&#8221;&#8221; css=&#8221;.vc_custom_1592240947987{background-color: #be1724 !important;background-size:&hellip;<\/p>\n","protected":false},"author":1,"featured_media":0,"parent":0,"menu_order":11,"comment_status":"closed","ping_status":"closed","template":"","meta":{"footnotes":""},"class_list":["post-2496","page","type-page","status-publish","hentry"],"_links":{"self":[{"href":"https:\/\/beltema.com.tr\/index.php\/wp-json\/wp\/v2\/pages\/2496","targetHints":{"allow":["GET"]}}],"collection":[{"href":"https:\/\/beltema.com.tr\/index.php\/wp-json\/wp\/v2\/pages"}],"about":[{"href":"https:\/\/beltema.com.tr\/index.php\/wp-json\/wp\/v2\/types\/page"}],"author":[{"embeddable":true,"href":"https:\/\/beltema.com.tr\/index.php\/wp-json\/wp\/v2\/users\/1"}],"replies":[{"embeddable":true,"href":"https:\/\/beltema.com.tr\/index.php\/wp-json\/wp\/v2\/comments?post=2496"}],"version-history":[{"count":6,"href":"https:\/\/beltema.com.tr\/index.php\/wp-json\/wp\/v2\/pages\/2496\/revisions"}],"predecessor-version":[{"id":2526,"href":"https:\/\/beltema.com.tr\/index.php\/wp-json\/wp\/v2\/pages\/2496\/revisions\/2526"}],"wp:attachment":[{"href":"https:\/\/beltema.com.tr\/index.php\/wp-json\/wp\/v2\/media?parent=2496"}],"curies":[{"name":"wp","href":"https:\/\/api.w.org\/{rel}","templated":true}]}}