{"id":2491,"date":"2020-06-17T12:36:50","date_gmt":"2020-06-17T12:36:50","guid":{"rendered":"http:\/\/beltema.com.tr\/?page_id=2491"},"modified":"2020-06-22T08:30:24","modified_gmt":"2020-06-22T08:30:24","slug":"yangin-sigortalari","status":"publish","type":"page","link":"https:\/\/beltema.com.tr\/index.php\/yangin-sigortalari\/","title":{"rendered":"Yang\u0131n Sigortalar\u0131"},"content":{"rendered":"<p>[vc_row full_width=&#8221;stretch_row_content_no_spaces&#8221;][vc_column hide_bg_image_on_tablet=&#8221;&#8221; hide_bg_image_on_mobile=&#8221;&#8221; icons_position=&#8221;left&#8221;][vc_row_inner][vc_column_inner][vc_empty_space height=&#8221;60px&#8221; hide_on_desktop=&#8221;&#8221; hide_on_notebook=&#8221;&#8221; hide_on_tablet=&#8221;&#8221; hide_on_mobile=&#8221;&#8221;][\/vc_column_inner][\/vc_row_inner][vc_empty_space height=&#8221;60px&#8221; hide_on_desktop=&#8221;&#8221; hide_on_notebook=&#8221;&#8221; hide_on_tablet=&#8221;&#8221; hide_on_mobile=&#8221;&#8221;]<div  id=\"sc_promo_1441334958\" \n\tclass=\"sc_promo color_style_default scheme_dark sc_promo_default sc_promo_size_large sc_promo_image_position_right\"><div class=\"sc_promo_image\" style=\"background-image:url(https:\/\/beltema.com.tr\/wp-content\/uploads\/2020\/06\/fire-insurance-policy.jpg);width:50%;right: 0;\"><\/div><div class=\"sc_promo_text\" style=\"width: 50%;float: left;\">\n\t\t\t<div class=\"sc_promo_text_inner sc_content_width_50%\" style=\"\"><div class=\"sc_promo_content sc_item_content\"><div id=\"sc_title_1585906524\"\n\t\tclass=\"sc_title color_style_default sc_title_default\"><h2 class=\"sc_item_title sc_title_title sc_align_left sc_item_title_style_default sc_item_title_tag\">Yang\u0131n Sigortalar\u0131<\/h2><div class=\"sc_item_descr sc_title_descr sc_align_left\"><p>Yang\u0131n Sigortas\u0131 ile konut, i\u015fletme binan\u0131z\u0131, demirba\u015f ve emtian\u0131z\u0131; yang\u0131n, y\u0131ld\u0131r\u0131m ve infil\u00e2k teminatlar\u0131yla birlikte  iste\u011fe ba\u011fl\u0131 olarak poli\u00e7ede yer alan limitler ve ko\u015fullar dahilinde g\u00fcvence alt\u0131na al\u0131n\u0131r.<\/p>\n<\/div><\/div><!-- \/.sc_title -->[vc_column_text]<b>\u0130\u015fyeri ve Konut Sigortalar\u0131<br \/>\n<\/b>Yang\u0131n sigortas\u0131, ev veya i\u015f yerleri gibi her t\u00fcrl\u00fc mekan i\u00e7in kendili\u011finden meydana gelen <strong>yang\u0131n, y\u0131ld\u0131r\u0131m, patlama\u00a0<\/strong>ve bu durumlar\u0131n neden oldu\u011fu <strong>duman ve di\u011fer tehlikelerin olu\u015fturdu\u011fu hasarlara kar\u015f\u0131<\/strong> g\u00fcvence olarak yap\u0131lan sigortad\u0131r. Yang\u0131n ve ba\u011fl\u0131 olarak geli\u015fen <strong>s\u00f6nd\u00fcrme hasarlar\u0131<\/strong>, \u00f6rne\u011fin<strong> su bask\u0131n\u0131<\/strong> veya <strong>kimyasal madde ile m\u00fcdahalelerden kaynakl\u0131 hasarlar<\/strong> da sigorta kapsam\u0131na girer.[\/vc_column_text][vc_empty_space height=&#8221;1em&#8221; alter_height=&#8221;none&#8221; hide_on_desktop=&#8221;&#8221; hide_on_notebook=&#8221;&#8221; hide_on_tablet=&#8221;&#8221; hide_on_mobile=&#8221;&#8221;]<\/div><\/div>\n\t\t<\/div><!-- \/.sc_promo_text --><\/div><!-- \/.sc_promo -->[\/vc_column][\/vc_row][vc_row full_width=&#8221;stretch_row&#8221; equal_height=&#8221;yes&#8221; content_placement=&#8221;middle&#8221; scheme=&#8221;dark&#8221; hide_bg_image_on_tablet=&#8221;&#8221; hide_bg_image_on_mobile=&#8221;&#8221; row_delimiter=&#8221;&#8221; hide_on_desktop=&#8221;&#8221; hide_on_notebook=&#8221;&#8221; hide_on_tablet=&#8221;&#8221; hide_on_mobile=&#8221;&#8221; hide_on_frontpage=&#8221;&#8221; css=&#8221;.vc_custom_1592240947987{background-color: #be1724 !important;background-size: cover !important;}&#8221;][vc_column width=&#8221;2\/3&#8243; icons_position=&#8221;left&#8221;][vc_empty_space height=&#8221;3em&#8221; alter_height=&#8221;none&#8221; hide_on_desktop=&#8221;&#8221; hide_on_notebook=&#8221;&#8221; hide_on_tablet=&#8221;&#8221; hide_on_mobile=&#8221;&#8221;]<div id=\"sc_title_716164272\"\n\t\tclass=\"sc_title color_style_default sc_title_accent\"><h3 class=\"sc_item_title sc_title_title sc_align_left sc_item_title_style_accent sc_item_title_tag\">Bize Ula\u015fmak \u00c7ok Kolay<\/h3><div class=\"sc_item_descr sc_title_descr sc_align_left\"><p>Hayat\u0131n\u0131z\u0131 kolayla\u015ft\u0131racak sigorta \u00fcr\u00fcnlerimiz hakk\u0131nda bilgi sahibi olman\u0131z i\u00e7in sizi arayal\u0131m<\/p>\n<\/div><\/div><!-- \/.sc_title -->[vc_empty_space height=&#8221;1.5em&#8221; alter_height=&#8221;none&#8221; hide_on_desktop=&#8221;&#8221; hide_on_notebook=&#8221;&#8221; hide_on_tablet=&#8221;&#8221; hide_on_mobile=&#8221;&#8221;][vc_empty_space height=&#8221;1.5em&#8221; alter_height=&#8221;none&#8221; hide_on_desktop=&#8221;&#8221; hide_on_notebook=&#8221;&#8221; hide_on_tablet=&#8221;&#8221; hide_on_mobile=&#8221;1&#8243;][\/vc_column][vc_column width=&#8221;1\/3&#8243; icons_position=&#8221;left&#8221; el_class=&#8221;btn_left&#8221;][vc_empty_space height=&#8221;0.5em&#8221; alter_height=&#8221;none&#8221; hide_on_desktop=&#8221;&#8221; hide_on_notebook=&#8221;&#8221; hide_on_tablet=&#8221;&#8221; hide_on_mobile=&#8221;&#8221;]<div class=\"sc_item_button sc_button_wrap sc_align_right\"><a href=\"http:\/\/beltema.com.tr\/index.php\/iletisim\/\" id=\"sc_button_1889503815\" class=\"sc_button color_style_dark sc_button_bordered sc_button_size_normal sc_button_with_icon sc_button_icon_left\"><span class=\"sc_button_icon\"><span class=\"icon-mail-light\"><\/span><\/span><span class=\"sc_button_text\"><span class=\"sc_button_title\">Bize Ula\u015f\u0131n<\/span><\/span><!-- \/.sc_button_text --><\/a><!-- \/.sc_button --><\/div><!-- \/.sc_item_button -->[vc_empty_space height=&#8221;3em&#8221; alter_height=&#8221;none&#8221; hide_on_desktop=&#8221;1&#8243; hide_on_notebook=&#8221;1&#8243; hide_on_tablet=&#8221;1&#8243; hide_on_mobile=&#8221;&#8221;][\/vc_column][\/vc_row]<\/p>\n","protected":false},"excerpt":{"rendered":"<p>[vc_row full_width=&#8221;stretch_row_content_no_spaces&#8221;][vc_column hide_bg_image_on_tablet=&#8221;&#8221; hide_bg_image_on_mobile=&#8221;&#8221; icons_position=&#8221;left&#8221;][vc_row_inner][vc_column_inner][vc_empty_space height=&#8221;60px&#8221; hide_on_desktop=&#8221;&#8221; hide_on_notebook=&#8221;&#8221; hide_on_tablet=&#8221;&#8221; hide_on_mobile=&#8221;&#8221;][\/vc_column_inner][\/vc_row_inner][vc_empty_space height=&#8221;60px&#8221; hide_on_desktop=&#8221;&#8221; hide_on_notebook=&#8221;&#8221; hide_on_tablet=&#8221;&#8221; hide_on_mobile=&#8221;&#8221;][\/vc_column][\/vc_row][vc_row full_width=&#8221;stretch_row&#8221; equal_height=&#8221;yes&#8221; content_placement=&#8221;middle&#8221; scheme=&#8221;dark&#8221; hide_bg_image_on_tablet=&#8221;&#8221; hide_bg_image_on_mobile=&#8221;&#8221; row_delimiter=&#8221;&#8221; hide_on_desktop=&#8221;&#8221; hide_on_notebook=&#8221;&#8221; hide_on_tablet=&#8221;&#8221; hide_on_mobile=&#8221;&#8221; hide_on_frontpage=&#8221;&#8221; css=&#8221;.vc_custom_1592240947987{background-color: #be1724 !important;background-size:&hellip;<\/p>\n","protected":false},"author":1,"featured_media":0,"parent":0,"menu_order":12,"comment_status":"closed","ping_status":"closed","template":"","meta":{"footnotes":""},"class_list":["post-2491","page","type-page","status-publish","hentry"],"_links":{"self":[{"href":"https:\/\/beltema.com.tr\/index.php\/wp-json\/wp\/v2\/pages\/2491","targetHints":{"allow":["GET"]}}],"collection":[{"href":"https:\/\/beltema.com.tr\/index.php\/wp-json\/wp\/v2\/pages"}],"about":[{"href":"https:\/\/beltema.com.tr\/index.php\/wp-json\/wp\/v2\/types\/page"}],"author":[{"embeddable":true,"href":"https:\/\/beltema.com.tr\/index.php\/wp-json\/wp\/v2\/users\/1"}],"replies":[{"embeddable":true,"href":"https:\/\/beltema.com.tr\/index.php\/wp-json\/wp\/v2\/comments?post=2491"}],"version-history":[{"count":5,"href":"https:\/\/beltema.com.tr\/index.php\/wp-json\/wp\/v2\/pages\/2491\/revisions"}],"predecessor-version":[{"id":2529,"href":"https:\/\/beltema.com.tr\/index.php\/wp-json\/wp\/v2\/pages\/2491\/revisions\/2529"}],"wp:attachment":[{"href":"https:\/\/beltema.com.tr\/index.php\/wp-json\/wp\/v2\/media?parent=2491"}],"curies":[{"name":"wp","href":"https:\/\/api.w.org\/{rel}","templated":true}]}}