{"id":2432,"date":"2020-04-20T10:02:44","date_gmt":"2020-04-20T10:02:44","guid":{"rendered":"https:\/\/beltema.com.tr\/?page_id=2432"},"modified":"2024-05-07T11:27:46","modified_gmt":"2024-05-07T08:27:46","slug":"belediye-baskani","status":"publish","type":"page","link":"https:\/\/beltema.com.tr\/index.php\/belediye-baskani\/","title":{"rendered":"Belediye Ba\u015fkan\u0131"},"content":{"rendered":"<p>[vc_row full_width=&#8221;stretch_row&#8221; scheme=&#8221;dark&#8221; extra_bg_mask=&#8221;6&#8243; hide_bg_image_on_tablet=&#8221;&#8221; hide_bg_image_on_mobile=&#8221;&#8221; row_delimiter=&#8221;&#8221; hide_on_desktop=&#8221;&#8221; hide_on_notebook=&#8221;&#8221; hide_on_tablet=&#8221;&#8221; hide_on_mobile=&#8221;&#8221; hide_on_frontpage=&#8221;&#8221; css=&#8221;.vc_custom_1587377523582{background: #141a1c url(https:\/\/beltema.com.tr\/wp-content\/uploads\/2020\/04\/28143_1_gorsel-banner-1.jpg?id=2434) !important;background-position: top left !important;background-repeat: no-repeat !important;background-size: cover !important;}&#8221;][vc_column icons_position=&#8221;left&#8221;][vc_empty_space height=&#8221;60px&#8221; hide_on_desktop=&#8221;&#8221; hide_on_notebook=&#8221;&#8221; hide_on_tablet=&#8221;&#8221; hide_on_mobile=&#8221;&#8221;][vc_empty_space height=&#8221;60px&#8221; hide_on_desktop=&#8221;&#8221; hide_on_notebook=&#8221;&#8221; hide_on_tablet=&#8221;&#8221; hide_on_mobile=&#8221;&#8221;][vc_column_text]<\/p>\n<h1 style=\"text-align: center;\"><strong>Belediye Ba\u015fkan\u0131<\/strong><\/h1>\n<p>[\/vc_column_text][vc_empty_space height=&#8221;3em&#8221; alter_height=&#8221;none&#8221; hide_on_desktop=&#8221;&#8221; hide_on_notebook=&#8221;&#8221; hide_on_tablet=&#8221;1&#8243; hide_on_mobile=&#8221;1&#8243;][\/vc_column][\/vc_row][vc_row full_width=&#8221;stretch_row_content&#8221; gap=&#8221;35&#8243;][vc_column width=&#8221;2\/3&#8243; hide_bg_image_on_tablet=&#8221;&#8221; hide_bg_image_on_mobile=&#8221;&#8221; icons_position=&#8221;left&#8221;]<div id=\"sc_title_1842151842\"\n\t\tclass=\"sc_title color_style_default sc_title_default\"><h3 class=\"sc_item_title sc_title_title sc_align_left sc_item_title_style_default\">Mansur Yava\u015f<\/h3><div class=\"sc_item_descr sc_title_descr sc_align_left\"><p>T.C. ANKARA B\u00dcY\u00dcK\u015eEH\u0130R BELED\u0130YE BA\u015eKANI<\/p>\n<\/div><\/div><!-- \/.sc_title -->[vc_column_text]<strong>\u00d6ZGE\u00c7M\u0130\u015e<\/strong><\/p>\n<p>1. D\u00f6nem: 2019 \u2013 2024<br \/>\n2. D\u00f6nem: 2024 &#8211; \u2026<\/p>\n<p>Mansur YAVA\u015e, 23 May\u0131s 1955\u2019te Ankara, Beypazar\u0131\u2019nda do\u011fmu\u015ftur. Avukat ve siyaset\u00e7i olan YAVA\u015e, Ankara Belediye Ba\u015fkan\u0131 olarak ikinci d\u00f6nem g\u00f6revini y\u00fcr\u00fctmektedir. Evli ve iki \u00e7ocuk babas\u0131d\u0131r.<br \/>\n\u0130lk, orta ve lise e\u011fitimini Ankara\u2019n\u0131n Beypazar\u0131 il\u00e7esinde tamamlayan YAVA\u015e, 1983 y\u0131l\u0131nda \u0130stanbul \u00dcniversitesi Hukuk Fak\u00fcltesi\u2019nden mezun olmu\u015ftur. 13 y\u0131l Beypazar\u0131\u2019nda serbest avukat olarak \u00e7al\u0131\u015fm\u0131\u015ft\u0131r.<br \/>\nSiyasete ilgisi gen\u00e7lik y\u0131llar\u0131nda ba\u015flam\u0131\u015f ve 1999-2009 y\u0131llar\u0131 aras\u0131nda da iki d\u00f6nem Beypazar\u0131 Belediye Ba\u015fkan\u0131 se\u00e7ilerek, \u00f6nemli \u00e7al\u0131\u015fmalara imza atm\u0131\u015ft\u0131r.<br \/>\nMansur YAVA\u015e, Beypazar\u0131 il\u00e7esini ba\u015ftan a\u015fa\u011f\u0131 de\u011fi\u015ftiren geni\u015f bir proje yelpazesine imza atm\u0131\u015ft\u0131r. \u0130l\u00e7enin ya\u015fam standartlar\u0131nda, turizminde, sosyal hayat\u0131nda ve altyap\u0131 hizmetlerinde yapt\u0131\u011f\u0131 olumlu de\u011fi\u015fiklikler ile beraber k\u0131rsal \u00fcretime de b\u00fcy\u00fck \u00f6nem vermi\u015ftir. Beypazar\u0131\u2019da uluslararas\u0131 festivaller yap\u0131lmas\u0131n\u0131 sa\u011flarken, bina restorasyonlar\u0131 ile il\u00e7enin g\u00f6r\u00fcn\u00fcm\u00fc kadar tarihi ve y\u00f6resel dokusunu da g\u00fcn\u00fcm\u00fcze ta\u015f\u0131m\u0131\u015ft\u0131r. Y\u00f6resel lezzetlerin tan\u0131t\u0131m\u0131yla Beypazar\u0131, ba\u015fkent turizmi a\u00e7\u0131s\u0131ndan \u00f6nemli bir de\u011fer haline gelmi\u015f, b\u00f6lge turizm a\u00e7\u0131s\u0131ndan u\u011frak nokta olmu\u015ftur. YAVA\u015e, buradaki \u00e7al\u0131\u015fmalar\u0131ndan dolay\u0131 \u00e7e\u015fitli \u00f6d\u00fcllere lay\u0131k g\u00f6r\u00fclm\u00fc\u015ft\u00fcr.<br \/>\nYAVA\u015e, daha sonra siyasi kariyerini bir ad\u0131m yukar\u0131 ta\u015f\u0131yarak, 2019 y\u0131l\u0131nda yap\u0131lan yerel se\u00e7imlerde ilk d\u00f6nemi i\u00e7in ve 2024 y\u0131l\u0131nda da ikinci d\u00f6nemi i\u00e7in Cumhuriyet Halk Partisi\u2019nden, Ankara B\u00fcy\u00fck\u015fehir Belediye Ba\u015fkanl\u0131\u011f\u0131 g\u00f6revine se\u00e7ilmi\u015ftir.<br \/>\n2019 y\u0131l\u0131nda g\u00f6reve ba\u015flad\u0131ktan sonra, y\u00f6netim sisteminde al\u0131\u015f\u0131lm\u0131\u015f uygulamalar\u0131n d\u0131\u015f\u0131na \u00e7\u0131km\u0131\u015f, T\u00fcrkiye\u2019de bir ilk olan \u201c\u015feffaf, sosyal, hesap verebilir, \u00fcreten Belediye\u201d anlay\u0131\u015f\u0131 gibi kavramlar\u0131 benimsetmi\u015f ve \u201cMansur YAVA\u015e Belediyecili\u011fi\u201d modelini t\u00fcm d\u00fcnyaya tan\u0131tm\u0131\u015ft\u0131r.<br \/>\n\u00dclke genelinde \u00f6rnek al\u0131nan, devlet politikas\u0131 haline getirilen ve toplum genelinde g\u00fcven duyulmas\u0131na da sebep olan uygulamalara imza atm\u0131\u015ft\u0131r. Bunlar aras\u0131nda;<br \/>\n\u2022 Belediye Meclis toplant\u0131lar\u0131n\u0131n ve ihalelerin canl\u0131 yay\u0131nlanmaya ba\u015flanmas\u0131,<br \/>\n\u2022 Kar k\u00fcreme ara\u00e7lar\u0131na kamera yerle\u015ftirilerek plaka takip sisteminin kamuoyuna dijital platform \u00fczerinden a\u00e7\u0131lmas\u0131,<br \/>\n\u2022 Dar gelirli her ailenin kendi ihtiyac\u0131n\u0131 belirleyerek al\u0131\u015fveri\u015f yapabildi\u011fi ve esnaf\u0131n da ticari hayat\u0131n\u0131 \u00f6nceleyen Ba\u015fkent Kart sisteminin kurulmas\u0131 ve sosyal yard\u0131mlarda koli da\u011f\u0131t\u0131m\u0131na son verilmesi,<br \/>\n\u2022 Pandemi d\u00f6neminde \u201c6 Milyon Tek Y\u00fcrek\u201d temas\u0131yla, kampanyalar d\u00fczenlenmesi, toplumun birlik, beraberlik i\u00e7erisinde, \u00f6zel ve ticari ya\u015fant\u0131lar\u0131n\u0131n s\u00fcrd\u00fcr\u00fclmesinin sa\u011flanmas\u0131,<br \/>\n\u2022 \u00c7ocuklarda g\u00f6r\u00fclen SMA gibi \u00f6l\u00fcmc\u00fcl bir hastal\u0131\u011f\u0131n evlenecek \u00e7iftlerde erken te\u015fhis testiyle uyar\u0131lmalar\u0131, kad\u0131nlara HPV a\u015f\u0131s\u0131, s\u0131nava girecek \u00f6\u011frenciler i\u00e7in diyabet sens\u00f6r\u00fc temini, ba\u011f\u0131ml\u0131l\u0131kla m\u00fccadele, hijyenik malzemelere eri\u015fim, internet altyap\u0131s\u0131n\u0131n kent geneline geni\u015fletilmesi ve \u00fccretsiz internet kullan\u0131m\u0131n\u0131n sa\u011flanmas\u0131,<br \/>\n\u2022 E\u011fitimde f\u0131rsat e\u015fitli\u011fi ve sa\u011fl\u0131kl\u0131 \u00e7ocuklar, gen\u00e7ler yeti\u015ftirilmesi i\u00e7in imk\u00e2nlar\u0131n artt\u0131r\u0131lmas\u0131, \u00e7ocuklar\u0131n ya\u015f\u0131tlar\u0131yla ayn\u0131 imk\u00e2nlarda yeti\u015ftirilmesi,<br \/>\n\u2022 Afetlerle m\u00fccadele ve ya\u015fam ko\u015fullar\u0131n\u0131n iyile\u015ftirilmesinde dayan\u0131\u015fma a\u011flar\u0131n\u0131n kurularak, \u00fcniversiteler, hastaneler, kamu, \u00f6zel ve sivil toplum kurulu\u015flar\u0131n\u0131n deste\u011finin toplanmas\u0131 gibi ba\u015fl\u0131ca kapsamlar say\u0131labilmektedir.<\/p>\n<p>Bug\u00fcne dek hayata ge\u00e7irdi\u011fi \u00e7al\u0131\u015fmalar\u0131, ulusal ve uluslararas\u0131 niteliklerde \u00e7ok \u00e7e\u015fitli \u00f6d\u00fcllere lay\u0131k g\u00f6r\u00fclmesine de sebep olmu\u015ftur. Bunlar aras\u0131nda;<br \/>\n\u2022 Avrupa Konseyi: \u201cAvrupa Y\u00f6neti\u015fim M\u00fckemmelli\u011fi Markas\u0131 \u00d6d\u00fcl\u00fc\u201d (ELoGe \u2013 European Label of Governance Excellence) (2023)<br \/>\n\u2022 Tarihi Kentler Birli\u011fi: \u201c\u0130\u00e7 Kale Sokak Sa\u011fl\u0131kla\u015ft\u0131rma Projesi\u201d ile \u201cTarihi Kentler Birli\u011fi Uygulama Ba\u015far\u0131 \u00d6d\u00fcl\u00fc\u201d (2023)<br \/>\n\u2022 KalDer \u2013 T\u00fcrkiye Kalite Derne\u011fi taraf\u0131ndan Kamuya \u0130lham Veren Proje Kategorisinde \u201cMor Haritam\u201d projesi (2023) ve \u201cS\u00f6zle\u015fmeli \u00dcreticilik Modeli\u201d projesi (2022) \u00d6d\u00fclleri<br \/>\n\u2022 Hacettepe \u00dcniversitesi, \u201cKristal Geyik \u00d6d\u00fcl\u00fc\u201d (2022)<br \/>\n\u2022 \u0130ngiltere merkezli Belediye Ba\u015fkanlar\u0131 Vakf\u0131 (The City Mayors Foundation) taraf\u0131ndan \u201c2021 D\u00fcnya Belediye Ba\u015fkan\u0131 Ba\u015fkent \u00d6d\u00fcl\u00fc\u201d (2021 World Mayor Capital Award) (2021)<br \/>\n\u2022 Uluslararas\u0131 \u015eeffafl\u0131k Derne\u011fi taraf\u0131ndan uluslararas\u0131 stat\u00fcde \u201c9 Aral\u0131k D\u00fcnya Yolsuzlukla M\u00fccadele G\u00fcn\u00fc\u201d kapsam\u0131nda \u201c2020 \u015eeffafl\u0131k \u00d6d\u00fcl\u00fc\u201d (2021)<br \/>\n\u2022 Sardis \u00d6d\u00fclleri kapsam\u0131nda \u201cBa\u015fkent Kart\u201d projesi ile \u201cPozitif Sosyal Etki\u201d kategorisinde \u201cToplumsal Sosyal Sorumluluk Alt\u0131n \u00d6d\u00fcl\u00fc\u201d, \u201cEkonomik Sorumluluk Alt\u0131n \u00d6d\u00fcl\u00fc\u201d ve \u201cSosyal \u0130novasyon Alt\u0131n \u00d6d\u00fcl\u00fc\u201d (2021)<br \/>\n\u2022 \u0130nsani Geli\u015fme Vakf\u0131 (\u0130NGEV) taraf\u0131ndan ulusal olarak \u201cEn \u015eeffaf Belediye\u201d \u00f6d\u00fcl\u00fc (2021 ve 2022)[\/vc_column_text][\/vc_column][vc_column width=&#8221;1\/3&#8243;][vc_single_image image=&#8221;2569&#8243; img_size=&#8221;full&#8221;][\/vc_column][vc_column][\/vc_column][vc_column][\/vc_column][\/vc_row][vc_row full_width=&#8221;stretch_row&#8221; equal_height=&#8221;yes&#8221; content_placement=&#8221;middle&#8221; scheme=&#8221;dark&#8221; hide_bg_image_on_tablet=&#8221;&#8221; hide_bg_image_on_mobile=&#8221;&#8221; row_delimiter=&#8221;&#8221; hide_on_desktop=&#8221;&#8221; hide_on_notebook=&#8221;&#8221; hide_on_tablet=&#8221;&#8221; hide_on_mobile=&#8221;&#8221; hide_on_frontpage=&#8221;&#8221; css=&#8221;.vc_custom_1592815235342{background: #be1724 url(https:\/\/beltema.com.tr\/wp-content\/uploads\/2020\/04\/uzunb.jpg?id=2411) !important;background-position: center !important;background-repeat: no-repeat !important;background-size: cover !important;}&#8221;][vc_column width=&#8221;2\/3&#8243; icons_position=&#8221;left&#8221;][vc_empty_space height=&#8221;3em&#8221; alter_height=&#8221;none&#8221; hide_on_desktop=&#8221;&#8221; hide_on_notebook=&#8221;&#8221; hide_on_tablet=&#8221;&#8221; hide_on_mobile=&#8221;&#8221;]<div id=\"sc_title_1817303988\"\n\t\tclass=\"sc_title color_style_default sc_title_accent\"><h3 class=\"sc_item_title sc_title_title sc_align_left sc_item_title_style_accent sc_item_title_tag\">De\u011ferlerinizi Beltema Sigorta ile g\u00fcvence alt\u0131na al\u0131n.<\/h3><div class=\"sc_item_descr sc_title_descr sc_align_left\"><p>\u0130htiyac\u0131n\u0131za en uygun sigorta tekliflerini do\u011fru teminatlarla ve avantajl\u0131 fiyatlarla sizin i\u00e7in haz\u0131rl\u0131yoruz.<\/p>\n<\/div><\/div><!-- \/.sc_title -->[vc_empty_space height=&#8221;1.5em&#8221; alter_height=&#8221;none&#8221; hide_on_desktop=&#8221;&#8221; hide_on_notebook=&#8221;&#8221; hide_on_tablet=&#8221;&#8221; hide_on_mobile=&#8221;&#8221;][vc_empty_space height=&#8221;1.5em&#8221; alter_height=&#8221;none&#8221; hide_on_desktop=&#8221;&#8221; hide_on_notebook=&#8221;&#8221; hide_on_tablet=&#8221;&#8221; hide_on_mobile=&#8221;1&#8243;][\/vc_column][vc_column width=&#8221;1\/3&#8243; icons_position=&#8221;left&#8221; el_class=&#8221;btn_left&#8221;][vc_empty_space height=&#8221;0.5em&#8221; alter_height=&#8221;none&#8221; hide_on_desktop=&#8221;&#8221; hide_on_notebook=&#8221;&#8221; hide_on_tablet=&#8221;&#8221; hide_on_mobile=&#8221;&#8221;]<div class=\"sc_item_button sc_button_wrap sc_align_right\"><a href=\"http:\/\/beltema.com.tr\/index.php\/iletisim\/\" id=\"sc_button_71953499\" class=\"sc_button color_style_dark sc_button_bordered sc_button_size_normal sc_button_with_icon sc_button_icon_left\"><span class=\"sc_button_icon\"><span class=\"icon-mail-light\"><\/span><\/span><span class=\"sc_button_text\"><span class=\"sc_button_title\">Bize Ula\u015f\u0131n<\/span><\/span><!-- \/.sc_button_text --><\/a><!-- \/.sc_button --><\/div><!-- \/.sc_item_button -->[vc_empty_space height=&#8221;3em&#8221; alter_height=&#8221;none&#8221; hide_on_desktop=&#8221;1&#8243; hide_on_notebook=&#8221;1&#8243; hide_on_tablet=&#8221;1&#8243; hide_on_mobile=&#8221;&#8221;][\/vc_column][\/vc_row]<\/p>\n","protected":false},"excerpt":{"rendered":"<p>[vc_row full_width=&#8221;stretch_row&#8221; scheme=&#8221;dark&#8221; extra_bg_mask=&#8221;6&#8243; hide_bg_image_on_tablet=&#8221;&#8221; hide_bg_image_on_mobile=&#8221;&#8221; row_delimiter=&#8221;&#8221; hide_on_desktop=&#8221;&#8221; hide_on_notebook=&#8221;&#8221; hide_on_tablet=&#8221;&#8221; hide_on_mobile=&#8221;&#8221; hide_on_frontpage=&#8221;&#8221; css=&#8221;.vc_custom_1587377523582{background: #141a1c url(https:\/\/beltema.com.tr\/wp-content\/uploads\/2020\/04\/28143_1_gorsel-banner-1.jpg?id=2434) !important;background-position: top left !important;background-repeat: no-repeat !important;background-size: cover !important;}&#8221;][vc_column icons_position=&#8221;left&#8221;][vc_empty_space height=&#8221;60px&#8221; hide_on_desktop=&#8221;&#8221; hide_on_notebook=&#8221;&#8221; hide_on_tablet=&#8221;&#8221; hide_on_mobile=&#8221;&#8221;][vc_empty_space height=&#8221;60px&#8221;&hellip;<\/p>\n","protected":false},"author":1,"featured_media":0,"parent":0,"menu_order":21,"comment_status":"closed","ping_status":"closed","template":"","meta":{"footnotes":""},"class_list":["post-2432","page","type-page","status-publish","hentry"],"_links":{"self":[{"href":"https:\/\/beltema.com.tr\/index.php\/wp-json\/wp\/v2\/pages\/2432","targetHints":{"allow":["GET"]}}],"collection":[{"href":"https:\/\/beltema.com.tr\/index.php\/wp-json\/wp\/v2\/pages"}],"about":[{"href":"https:\/\/beltema.com.tr\/index.php\/wp-json\/wp\/v2\/types\/page"}],"author":[{"embeddable":true,"href":"https:\/\/beltema.com.tr\/index.php\/wp-json\/wp\/v2\/users\/1"}],"replies":[{"embeddable":true,"href":"https:\/\/beltema.com.tr\/index.php\/wp-json\/wp\/v2\/comments?post=2432"}],"version-history":[{"count":19,"href":"https:\/\/beltema.com.tr\/index.php\/wp-json\/wp\/v2\/pages\/2432\/revisions"}],"predecessor-version":[{"id":2887,"href":"https:\/\/beltema.com.tr\/index.php\/wp-json\/wp\/v2\/pages\/2432\/revisions\/2887"}],"wp:attachment":[{"href":"https:\/\/beltema.com.tr\/index.php\/wp-json\/wp\/v2\/media?parent=2432"}],"curies":[{"name":"wp","href":"https:\/\/api.w.org\/{rel}","templated":true}]}}